{"id":6365,"date":"2020-03-25T13:46:09","date_gmt":"2020-03-25T12:46:09","guid":{"rendered":"https:\/\/blog.hamilton-homes.com\/?page_id=6365"},"modified":"2020-03-25T13:47:42","modified_gmt":"2020-03-25T12:47:42","slug":"diario-de-confinamiento","status":"publish","type":"page","link":"https:\/\/blog.hamilton-homes.com\/es\/diario-de-confinamiento","title":{"rendered":"Diario de Confinamiento"},"content":{"rendered":"<p><span style=\"font-weight: 400;\">Diario de Confinamiento.<\/span><\/p>\n<p><span style=\"font-weight: 400;\">El tema es que el gobierno espa\u00f1ol ha aplazado el bloqueo\u00a0 otras 2 semanas, hasta el 12 de abril m\u00ednimo. Todos necesitamos encontrar formas de ocupar el tiempo.<\/span><\/p>\n<p><span style=\"font-weight: 400;\">Mis padres est\u00e1n en el Reino Unido y, siguiendo los consejos del gobierno, se est\u00e1n \u00abprotegiendo\u00bb durante 3 meses. Afortunadamente, mi hermano vive muy cerca y puede conseguirles todo lo que necesiten. Estuve charlando con mi mam\u00e1\u00a0 el fin de semana pasado y me contaba todas las cosas que est\u00e1 haciendo para mantenerse ocupada, aparte de ver pel\u00edculas antiguas en la tele que sin duda ha visto por lo menos 5 veces :))<\/span><\/p>\n<p><span style=\"font-weight: 400;\">Mis padres hacen los crucigramas en el peri\u00f3dico todos los d\u00edas &#8230; y le buscan en\u00a0 Google alguna de las respuestas que no saben adem\u00e1s mi madre ha pedido por Amazon puzles\u00a0 de 4 x 4000 piezas. Eso deber\u00eda mantenerlos ocupados por un tiempo :)<\/span><\/p>\n<p><span style=\"font-weight: 400;\">Mam\u00e1 tambi\u00e9n me dijo que est\u00e1 escribiendo un diario de aislamiento. Pens\u00e9 que era una idea brillante, as\u00ed que lo siento mam\u00e1, te estoy robando la idea y adapt\u00e1ndola al Diario de Aislamiento Hamilton Homes.<\/span><\/p>\n<p><span style=\"font-weight: 400;\">Publicaremos lo que hemos hecho a diario con algunas ideas sobre c\u00f3mo aliviar el aburrimiento y, con suerte, con un poco de humor. Tenemos que seguir sonriendo por encima de todo &#8211; estamos todos juntos en esto.<\/span><\/p>\n<p><span style=\"font-weight: 400;\">Haga clic en\u00a0 nuestro blog todos los d\u00edas para obtener el diario de confinamiento Hamilton Homes .<\/span><\/p>\n<p><a href=\"https:\/\/blog.hamilton-homes.com\/\"><span style=\"font-weight: 400;\">https:\/\/blog.hamilton-homes.com\/<\/span><\/a><\/p>\n<p><span style=\"font-weight: 400;\">Les invitamos a todos a unirse tambi\u00e9n: cu\u00e9ntenos qu\u00e9 ha hecho y sus ideas para mantenerse ocupado y tambi\u00e9n los publicaremos en el blog.<\/span><\/p>\n","protected":false},"excerpt":{"rendered":"<p>Diario de Confinamiento. El tema es que el gobierno espa\u00f1ol ha aplazado el bloqueo\u00a0 otras 2 semanas, hasta el 12[&#8230;]<\/p>\n","protected":false},"author":2,"featured_media":6330,"parent":0,"menu_order":0,"comment_status":"closed","ping_status":"closed","template":"","meta":{"footnotes":""},"class_list":["post-6365","page","type-page","status-publish","has-post-thumbnail","hentry"],"yoast_head":"<!-- This site is optimized with the Yoast SEO plugin v27.4 - https:\/\/yoast.com\/product\/yoast-seo-wordpress\/ -->\n<title>Diario de Confinamiento - Blog Hamilton Homes<\/title>\n<meta name=\"robots\" content=\"index, follow, max-snippet:-1, max-image-preview:large, max-video-preview:-1\" \/>\n<link rel=\"canonical\" href=\"https:\/\/blog.hamilton-homes.com\/es\/diario-de-confinamiento\" \/>\n<meta property=\"og:locale\" content=\"es_ES\" \/>\n<meta property=\"og:type\" content=\"article\" \/>\n<meta property=\"og:title\" content=\"Diario de Confinamiento - Blog Hamilton Homes\" \/>\n<meta property=\"og:description\" content=\"Diario de Confinamiento. El tema es que el gobierno espa\u00f1ol ha aplazado el bloqueo\u00a0 otras 2 semanas, hasta el 12[...]\" \/>\n<meta property=\"og:url\" content=\"https:\/\/blog.hamilton-homes.com\/es\/diario-de-confinamiento\" \/>\n<meta property=\"og:site_name\" content=\"Blog Hamilton Homes\" \/>\n<meta property=\"article:publisher\" content=\"https:\/\/www.facebook.com\/hamiltonhomesspain\/\" \/>\n<meta property=\"article:modified_time\" content=\"2020-03-25T12:47:42+00:00\" \/>\n<meta property=\"og:image\" content=\"https:\/\/blog.hamilton-homes.com\/wp-content\/uploads\/2020\/03\/diaryld.jpg\" \/>\n\t<meta property=\"og:image:width\" content=\"1920\" \/>\n\t<meta property=\"og:image:height\" content=\"1360\" \/>\n\t<meta property=\"og:image:type\" content=\"image\/jpeg\" \/>\n<meta name=\"twitter:card\" content=\"summary_large_image\" \/>\n<meta name=\"twitter:site\" content=\"@hamiltonhomes\" \/>\n<meta name=\"twitter:label1\" content=\"Tiempo de lectura\" \/>\n\t<meta name=\"twitter:data1\" content=\"1 minuto\" \/>\n<script type=\"application\/ld+json\" class=\"yoast-schema-graph\">{\"@context\":\"https:\\\/\\\/schema.org\",\"@graph\":[{\"@type\":\"WebPage\",\"@id\":\"https:\\\/\\\/blog.hamilton-homes.com\\\/es\\\/diario-de-confinamiento\",\"url\":\"https:\\\/\\\/blog.hamilton-homes.com\\\/es\\\/diario-de-confinamiento\",\"name\":\"Diario de Confinamiento - Blog Hamilton Homes\",\"isPartOf\":{\"@id\":\"https:\\\/\\\/blog.hamilton-homes.com\\\/#website\"},\"primaryImageOfPage\":{\"@id\":\"https:\\\/\\\/blog.hamilton-homes.com\\\/es\\\/diario-de-confinamiento#primaryimage\"},\"image\":{\"@id\":\"https:\\\/\\\/blog.hamilton-homes.com\\\/es\\\/diario-de-confinamiento#primaryimage\"},\"thumbnailUrl\":\"https:\\\/\\\/blog.hamilton-homes.com\\\/wp-content\\\/uploads\\\/2020\\\/03\\\/diaryld.jpg\",\"datePublished\":\"2020-03-25T12:46:09+00:00\",\"dateModified\":\"2020-03-25T12:47:42+00:00\",\"breadcrumb\":{\"@id\":\"https:\\\/\\\/blog.hamilton-homes.com\\\/es\\\/diario-de-confinamiento#breadcrumb\"},\"inLanguage\":\"es\",\"potentialAction\":[{\"@type\":\"ReadAction\",\"target\":[\"https:\\\/\\\/blog.hamilton-homes.com\\\/es\\\/diario-de-confinamiento\"]}]},{\"@type\":\"ImageObject\",\"inLanguage\":\"es\",\"@id\":\"https:\\\/\\\/blog.hamilton-homes.com\\\/es\\\/diario-de-confinamiento#primaryimage\",\"url\":\"https:\\\/\\\/blog.hamilton-homes.com\\\/wp-content\\\/uploads\\\/2020\\\/03\\\/diaryld.jpg\",\"contentUrl\":\"https:\\\/\\\/blog.hamilton-homes.com\\\/wp-content\\\/uploads\\\/2020\\\/03\\\/diaryld.jpg\",\"width\":1920,\"height\":1360,\"caption\":\"lockdown diary\"},{\"@type\":\"BreadcrumbList\",\"@id\":\"https:\\\/\\\/blog.hamilton-homes.com\\\/es\\\/diario-de-confinamiento#breadcrumb\",\"itemListElement\":[{\"@type\":\"ListItem\",\"position\":1,\"name\":\"Home\",\"item\":\"https:\\\/\\\/blog.hamilton-homes.com\\\/\"},{\"@type\":\"ListItem\",\"position\":2,\"name\":\"Diario de Confinamiento\"}]},{\"@type\":\"WebSite\",\"@id\":\"https:\\\/\\\/blog.hamilton-homes.com\\\/#website\",\"url\":\"https:\\\/\\\/blog.hamilton-homes.com\\\/\",\"name\":\"Hamilton Homes Spain\",\"description\":\"Honesty, Simplicity , Clarity\",\"publisher\":{\"@id\":\"https:\\\/\\\/blog.hamilton-homes.com\\\/#organization\"},\"potentialAction\":[{\"@type\":\"SearchAction\",\"target\":{\"@type\":\"EntryPoint\",\"urlTemplate\":\"https:\\\/\\\/blog.hamilton-homes.com\\\/?s={search_term_string}\"},\"query-input\":{\"@type\":\"PropertyValueSpecification\",\"valueRequired\":true,\"valueName\":\"search_term_string\"}}],\"inLanguage\":\"es\"},{\"@type\":\"Organization\",\"@id\":\"https:\\\/\\\/blog.hamilton-homes.com\\\/#organization\",\"name\":\"Hamilton Homes Spain\",\"url\":\"https:\\\/\\\/blog.hamilton-homes.com\\\/\",\"logo\":{\"@type\":\"ImageObject\",\"inLanguage\":\"es\",\"@id\":\"https:\\\/\\\/blog.hamilton-homes.com\\\/#\\\/schema\\\/logo\\\/image\\\/\",\"url\":\"https:\\\/\\\/blog.hamilton-homes.com\\\/wp-content\\\/uploads\\\/2019\\\/10\\\/logo_horiz-1.png\",\"contentUrl\":\"https:\\\/\\\/blog.hamilton-homes.com\\\/wp-content\\\/uploads\\\/2019\\\/10\\\/logo_horiz-1.png\",\"width\":299,\"height\":62,\"caption\":\"Hamilton Homes Spain\"},\"image\":{\"@id\":\"https:\\\/\\\/blog.hamilton-homes.com\\\/#\\\/schema\\\/logo\\\/image\\\/\"},\"sameAs\":[\"https:\\\/\\\/www.facebook.com\\\/hamiltonhomesspain\\\/\",\"https:\\\/\\\/x.com\\\/hamiltonhomes\",\"https:\\\/\\\/www.instagram.com\\\/hamiltonhomesspain\\\/\",\"https:\\\/\\\/www.pinterest.es\\\/hamilton2852\\\/\",\"https:\\\/\\\/www.youtube.com\\\/channel\\\/UCY3newAZvGHiPFLA4zQEkIQ?view_as=subscriber\"]}]}<\/script>\n<!-- \/ Yoast SEO plugin. -->","yoast_head_json":{"title":"Diario de Confinamiento - Blog Hamilton Homes","robots":{"index":"index","follow":"follow","max-snippet":"max-snippet:-1","max-image-preview":"max-image-preview:large","max-video-preview":"max-video-preview:-1"},"canonical":"https:\/\/blog.hamilton-homes.com\/es\/diario-de-confinamiento","og_locale":"es_ES","og_type":"article","og_title":"Diario de Confinamiento - Blog Hamilton Homes","og_description":"Diario de Confinamiento. El tema es que el gobierno espa\u00f1ol ha aplazado el bloqueo\u00a0 otras 2 semanas, hasta el 12[...]","og_url":"https:\/\/blog.hamilton-homes.com\/es\/diario-de-confinamiento","og_site_name":"Blog Hamilton Homes","article_publisher":"https:\/\/www.facebook.com\/hamiltonhomesspain\/","article_modified_time":"2020-03-25T12:47:42+00:00","og_image":[{"width":1920,"height":1360,"url":"https:\/\/blog.hamilton-homes.com\/wp-content\/uploads\/2020\/03\/diaryld.jpg","type":"image\/jpeg"}],"twitter_card":"summary_large_image","twitter_site":"@hamiltonhomes","twitter_misc":{"Tiempo de lectura":"1 minuto"},"schema":{"@context":"https:\/\/schema.org","@graph":[{"@type":"WebPage","@id":"https:\/\/blog.hamilton-homes.com\/es\/diario-de-confinamiento","url":"https:\/\/blog.hamilton-homes.com\/es\/diario-de-confinamiento","name":"Diario de Confinamiento - Blog Hamilton Homes","isPartOf":{"@id":"https:\/\/blog.hamilton-homes.com\/#website"},"primaryImageOfPage":{"@id":"https:\/\/blog.hamilton-homes.com\/es\/diario-de-confinamiento#primaryimage"},"image":{"@id":"https:\/\/blog.hamilton-homes.com\/es\/diario-de-confinamiento#primaryimage"},"thumbnailUrl":"https:\/\/blog.hamilton-homes.com\/wp-content\/uploads\/2020\/03\/diaryld.jpg","datePublished":"2020-03-25T12:46:09+00:00","dateModified":"2020-03-25T12:47:42+00:00","breadcrumb":{"@id":"https:\/\/blog.hamilton-homes.com\/es\/diario-de-confinamiento#breadcrumb"},"inLanguage":"es","potentialAction":[{"@type":"ReadAction","target":["https:\/\/blog.hamilton-homes.com\/es\/diario-de-confinamiento"]}]},{"@type":"ImageObject","inLanguage":"es","@id":"https:\/\/blog.hamilton-homes.com\/es\/diario-de-confinamiento#primaryimage","url":"https:\/\/blog.hamilton-homes.com\/wp-content\/uploads\/2020\/03\/diaryld.jpg","contentUrl":"https:\/\/blog.hamilton-homes.com\/wp-content\/uploads\/2020\/03\/diaryld.jpg","width":1920,"height":1360,"caption":"lockdown diary"},{"@type":"BreadcrumbList","@id":"https:\/\/blog.hamilton-homes.com\/es\/diario-de-confinamiento#breadcrumb","itemListElement":[{"@type":"ListItem","position":1,"name":"Home","item":"https:\/\/blog.hamilton-homes.com\/"},{"@type":"ListItem","position":2,"name":"Diario de Confinamiento"}]},{"@type":"WebSite","@id":"https:\/\/blog.hamilton-homes.com\/#website","url":"https:\/\/blog.hamilton-homes.com\/","name":"Hamilton Homes Spain","description":"Honesty, Simplicity , Clarity","publisher":{"@id":"https:\/\/blog.hamilton-homes.com\/#organization"},"potentialAction":[{"@type":"SearchAction","target":{"@type":"EntryPoint","urlTemplate":"https:\/\/blog.hamilton-homes.com\/?s={search_term_string}"},"query-input":{"@type":"PropertyValueSpecification","valueRequired":true,"valueName":"search_term_string"}}],"inLanguage":"es"},{"@type":"Organization","@id":"https:\/\/blog.hamilton-homes.com\/#organization","name":"Hamilton Homes Spain","url":"https:\/\/blog.hamilton-homes.com\/","logo":{"@type":"ImageObject","inLanguage":"es","@id":"https:\/\/blog.hamilton-homes.com\/#\/schema\/logo\/image\/","url":"https:\/\/blog.hamilton-homes.com\/wp-content\/uploads\/2019\/10\/logo_horiz-1.png","contentUrl":"https:\/\/blog.hamilton-homes.com\/wp-content\/uploads\/2019\/10\/logo_horiz-1.png","width":299,"height":62,"caption":"Hamilton Homes Spain"},"image":{"@id":"https:\/\/blog.hamilton-homes.com\/#\/schema\/logo\/image\/"},"sameAs":["https:\/\/www.facebook.com\/hamiltonhomesspain\/","https:\/\/x.com\/hamiltonhomes","https:\/\/www.instagram.com\/hamiltonhomesspain\/","https:\/\/www.pinterest.es\/hamilton2852\/","https:\/\/www.youtube.com\/channel\/UCY3newAZvGHiPFLA4zQEkIQ?view_as=subscriber"]}]}},"_links":{"self":[{"href":"https:\/\/blog.hamilton-homes.com\/es\/wp-json\/wp\/v2\/pages\/6365","targetHints":{"allow":["GET"]}}],"collection":[{"href":"https:\/\/blog.hamilton-homes.com\/es\/wp-json\/wp\/v2\/pages"}],"about":[{"href":"https:\/\/blog.hamilton-homes.com\/es\/wp-json\/wp\/v2\/types\/page"}],"author":[{"embeddable":true,"href":"https:\/\/blog.hamilton-homes.com\/es\/wp-json\/wp\/v2\/users\/2"}],"replies":[{"embeddable":true,"href":"https:\/\/blog.hamilton-homes.com\/es\/wp-json\/wp\/v2\/comments?post=6365"}],"version-history":[{"count":0,"href":"https:\/\/blog.hamilton-homes.com\/es\/wp-json\/wp\/v2\/pages\/6365\/revisions"}],"wp:featuredmedia":[{"embeddable":true,"href":"https:\/\/blog.hamilton-homes.com\/es\/wp-json\/wp\/v2\/media\/6330"}],"wp:attachment":[{"href":"https:\/\/blog.hamilton-homes.com\/es\/wp-json\/wp\/v2\/media?parent=6365"}],"curies":[{"name":"wp","href":"https:\/\/api.w.org\/{rel}","templated":true}]}}