{"id":5926,"date":"2019-11-13T16:00:45","date_gmt":"2019-11-13T15:00:45","guid":{"rendered":"https:\/\/blog.hamilton-homes.com?page_id=5926"},"modified":"2021-05-25T11:37:35","modified_gmt":"2021-05-25T10:37:35","slug":"alcaidesa","status":"publish","type":"page","link":"https:\/\/blog.hamilton-homes.com\/es\/guia-de-la-zona\/alcaidesa","title":{"rendered":"Alcaidesa"},"content":{"rendered":"<h2><b>Descubra Alcaidesa con Hamilton Homes<\/b><\/h2>\n<p><span style=\"font-weight: 400;\">Cerca del punto m\u00e1s sur de la Costa del Sol, se encuentra comunidad de La Alcaidesa. Alcaidesa es una zona residencial de alta gama, vecina a la prestigiosa zona residencial de<\/span><a href=\"https:\/\/blog.hamilton-homes.com\/es\/guia-de-la-zona\/sotogrande-y-san-roque\"> <span style=\"font-weight: 400;\">Sotogrande<\/span><\/a> <span style=\"font-weight: 400;\">y se encuentra en el municipio de La Linea y San Roque, en la provincia de C\u00e1diz.<\/span><\/p>\n<h2><b>Hermosas playas v\u00edrgenes de Alcaidesa<\/b><\/h2>\n<p><img loading=\"lazy\" decoding=\"async\" class=\"aligncenter size-full wp-image-6078\" src=\"https:\/\/blog.hamilton-homes.com\/wp-content\/uploads\/2019\/11\/128-00256g_28863-edited.jpg\" alt=\"Alcaidesa Beach with Gibraltar in the distance\" width=\"1024\" height=\"768\" srcset=\"https:\/\/blog.hamilton-homes.com\/wp-content\/uploads\/2019\/11\/128-00256g_28863-edited.jpg 1024w, https:\/\/blog.hamilton-homes.com\/wp-content\/uploads\/2019\/11\/128-00256g_28863-edited-600x450.jpg 600w, https:\/\/blog.hamilton-homes.com\/wp-content\/uploads\/2019\/11\/128-00256g_28863-edited-800x600.jpg 800w, https:\/\/blog.hamilton-homes.com\/wp-content\/uploads\/2019\/11\/128-00256g_28863-edited-250x187.jpg 250w, https:\/\/blog.hamilton-homes.com\/wp-content\/uploads\/2019\/11\/128-00256g_28863-edited-768x576.jpg 768w\" sizes=\"auto, (max-width: 1024px) 100vw, 1024px\" \/><\/p>\n<p><span style=\"font-weight: 400;\">Alcaidesa es el hogar de dos de sus propios campos de golf y cuenta con tres hermosas playas v\u00edrgenes; Playa Hacienda, Playa Torre Carbonera y Alcaidesa Beach. El \u00e1rea est\u00e1 muy bien mantenida y existen reglas estrictas de construcci\u00f3n que aseguran que los edificios se construyan para establecer pautas. Alcaidesa fue dise\u00f1ada para parecerse a un \u00abpueblo\u00bb junto al mar sin edificios de gran al<\/span><span style=\"font-weight: 400;\">tura.<\/span><\/p>\n<div id='gallery-1' class='gallery galleryid-5926 gallery-columns-3 gallery-size-thumbnail'><figure class='gallery-item'>\n\t\t\t<div class='gallery-icon landscape'>\n\t\t\t\t<a href='https:\/\/blog.hamilton-homes.com\/es\/guia-de-la-zona\/alcaidesa\/fznor-2'><img loading=\"lazy\" decoding=\"async\" width=\"250\" height=\"187\" src=\"https:\/\/blog.hamilton-homes.com\/wp-content\/uploads\/2019\/11\/alcaidesa-resorts-1920-x-1080-250x187.jpg\" class=\"attachment-thumbnail size-thumbnail\" alt=\"\" aria-describedby=\"gallery-1-6075\" \/><\/a>\n\t\t\t<\/div>\n\t\t\t\t<figcaption class='wp-caption-text gallery-caption' id='gallery-1-6075'>\n\t\t\t\tBuen cuidado \n\t\t\t\t<\/figcaption><\/figure><figure class='gallery-item'>\n\t\t\t<div class='gallery-icon landscape'>\n\t\t\t\t<a href='https:\/\/blog.hamilton-homes.com\/es\/guia-de-la-zona\/alcaidesa\/fznor'><img loading=\"lazy\" decoding=\"async\" width=\"250\" height=\"187\" src=\"https:\/\/blog.hamilton-homes.com\/wp-content\/uploads\/2019\/11\/alcaidesa-property-1920x-1080-250x187.jpg\" class=\"attachment-thumbnail size-thumbnail\" alt=\"A photo taken from The Meadows in Alcaidesa showing th estunning sea views\" aria-describedby=\"gallery-1-6073\" \/><\/a>\n\t\t\t<\/div>\n\t\t\t\t<figcaption class='wp-caption-text gallery-caption' id='gallery-1-6073'>\n\t\t\t\tVistas preciosas del mar\n\t\t\t\t<\/figcaption><\/figure><figure class='gallery-item'>\n\t\t\t<div class='gallery-icon landscape'>\n\t\t\t\t<a href='https:\/\/blog.hamilton-homes.com\/es\/guia-de-la-zona\/alcaidesa\/fznor-6'><img loading=\"lazy\" decoding=\"async\" width=\"250\" height=\"187\" src=\"https:\/\/blog.hamilton-homes.com\/wp-content\/uploads\/2019\/11\/alcaidesa-1-250x187.jpg\" class=\"attachment-thumbnail size-thumbnail\" alt=\"Alcaidea urbanisations with sea in the background\" aria-describedby=\"gallery-1-6069\" \/><\/a>\n\t\t\t<\/div>\n\t\t\t\t<figcaption class='wp-caption-text gallery-caption' id='gallery-1-6069'>\n\t\t\t\tArquitectura preciosa\n\t\t\t\t<\/figcaption><\/figure>\n\t\t<\/div>\n\n<p>&nbsp;<\/p>\n<h1><b>Fabuloso para los Amantes del Golf<\/b><\/h1>\n<p><span style=\"font-weight: 400;\">\u00a0Alcaidesa tiene dos campos de golf,<\/span><a href=\"https:\/\/www.alcaidesagolf.com\/es\/\"> <span style=\"font-weight: 400;\">Alcaidesa Links Golf Course<\/span><\/a><span style=\"font-weight: 400;\"> y<\/span><a href=\"https:\/\/www.alcaidesagolf.com\/es\/5\/alcaidesa-heathland\/\"> <span style=\"font-weight: 400;\">Alcaidesa Heathfield<\/span><\/a><span style=\"font-weight: 400;\">. La ubicaci\u00f3n de los resorts de golf es fenomenal. No solo est\u00e1s a tiro de piedra de la playa, sino que las vistas del mar Mediterr\u00e1neo a Gibraltar y \u00c1frica hacen que la experiencia sea realmente espectacular. Adem\u00e1s, si eres un entusiasta del golf, Alcaidesa es un para\u00edso para los golfistas, ya que tambi\u00e9n est\u00e1 a solo 5 minutos de los campos de golf de Sotogrande, incluido Valderrama y La Reserva.<\/span><\/p>\n<p><span style=\"font-weight: 400;\"> <img loading=\"lazy\" decoding=\"async\" class=\"aligncenter size-full wp-image-6063\" src=\"https:\/\/blog.hamilton-homes.com\/wp-content\/uploads\/2019\/11\/alcaidesa-links-golf-resort-03_3-2.jpg\" alt=\"The Alcaidesa Links golf course with views over the mediterranean sea and Gibraltar\" width=\"1600\" height=\"1067\" srcset=\"https:\/\/blog.hamilton-homes.com\/wp-content\/uploads\/2019\/11\/alcaidesa-links-golf-resort-03_3-2.jpg 1600w, https:\/\/blog.hamilton-homes.com\/wp-content\/uploads\/2019\/11\/alcaidesa-links-golf-resort-03_3-2-600x400.jpg 600w, https:\/\/blog.hamilton-homes.com\/wp-content\/uploads\/2019\/11\/alcaidesa-links-golf-resort-03_3-2-800x534.jpg 800w, https:\/\/blog.hamilton-homes.com\/wp-content\/uploads\/2019\/11\/alcaidesa-links-golf-resort-03_3-2-768x512.jpg 768w, https:\/\/blog.hamilton-homes.com\/wp-content\/uploads\/2019\/11\/alcaidesa-links-golf-resort-03_3-2-1536x1024.jpg 1536w, https:\/\/blog.hamilton-homes.com\/wp-content\/uploads\/2019\/11\/alcaidesa-links-golf-resort-03_3-2-840x560.jpg 840w, https:\/\/blog.hamilton-homes.com\/wp-content\/uploads\/2019\/11\/alcaidesa-links-golf-resort-03_3-2-120x80.jpg 120w, https:\/\/blog.hamilton-homes.com\/wp-content\/uploads\/2019\/11\/alcaidesa-links-golf-resort-03_3-2-360x240.jpg 360w\" sizes=\"auto, (max-width: 1600px) 100vw, 1600px\" \/><\/span><\/p>\n<h1><\/h1>\n<p><iframe loading=\"lazy\" src=\"https:\/\/www.youtube.com\/embed\/HEtxBgzTKPQ\" width=\"560\" height=\"315\" frameborder=\"0\" allowfullscreen=\"allowfullscreen\"><\/iframe><\/p>\n<h1><b>Alcaidesa Golf Club\u00a0<\/b><\/h1>\n<p><span style=\"font-weight: 400;\">La Casa Club de Alcaidesa Golf se encuentra entre los dos campos de golf. Desde all\u00ed hay espectaculares vistas al golf y al mar. Hay una cafeter\u00eda \/ restaurante que ofrece una amplia selecci\u00f3n de platos. El Club de Golf tambi\u00e9n cuenta con una gran cantidad de espacio, por lo que es un lugar popular para bodas, eventos y conferencias. El \u00e1rea de eventos puede dividirse en \u00e1reas peque\u00f1as o usarse como un gran sal\u00f3n de baile. Hay un gran patio, ideal para tomar una copa antes de cenar y como \u00e1rea de recepci\u00f3n. El personal de la Casa Club es muy servicial y ha acogido a algunos de los eventos m\u00e1s exitosos en el \u00e1rea.<\/span><\/p>\n<p><img loading=\"lazy\" decoding=\"async\" class=\"aligncenter size-full wp-image-6061\" src=\"https:\/\/blog.hamilton-homes.com\/wp-content\/uploads\/2019\/11\/alcaidesa-golf-16-1.jpg\" alt=\"Th efront entrance to the Alcaidesa Links Golf Resort\" width=\"1600\" height=\"1067\" srcset=\"https:\/\/blog.hamilton-homes.com\/wp-content\/uploads\/2019\/11\/alcaidesa-golf-16-1.jpg 1600w, https:\/\/blog.hamilton-homes.com\/wp-content\/uploads\/2019\/11\/alcaidesa-golf-16-1-600x400.jpg 600w, https:\/\/blog.hamilton-homes.com\/wp-content\/uploads\/2019\/11\/alcaidesa-golf-16-1-800x534.jpg 800w, https:\/\/blog.hamilton-homes.com\/wp-content\/uploads\/2019\/11\/alcaidesa-golf-16-1-768x512.jpg 768w, https:\/\/blog.hamilton-homes.com\/wp-content\/uploads\/2019\/11\/alcaidesa-golf-16-1-1536x1024.jpg 1536w, https:\/\/blog.hamilton-homes.com\/wp-content\/uploads\/2019\/11\/alcaidesa-golf-16-1-840x560.jpg 840w, https:\/\/blog.hamilton-homes.com\/wp-content\/uploads\/2019\/11\/alcaidesa-golf-16-1-120x80.jpg 120w, https:\/\/blog.hamilton-homes.com\/wp-content\/uploads\/2019\/11\/alcaidesa-golf-16-1-360x240.jpg 360w\" sizes=\"auto, (max-width: 1600px) 100vw, 1600px\" \/><\/p>\n<p><span style=\"font-weight: 400;\">Adem\u00e1s de ser pintoresco y el escondite perfecto, Alcaidesa es una ubicaci\u00f3n pr\u00e1ctica y es una zona particularmente buena para los que viajan diariamente a Gibraltar. Tambi\u00e9n es ideal para quienes necesitan acceso a un aeropuerto internacional. Hace que viajar desde el Reino Unido durante un fin de semana sea mucho m\u00e1s f\u00e1cil, ya que el aeropuerto de Gibraltar realiza muchos vuelos, diariamente, desde y hacia el Reino Unido. Para aquellos que buscan vida nocturna y m\u00e1s <\/span><i><span style=\"font-weight: 400;\">&#8216;ambiente&#8217;<\/span><\/i><span style=\"font-weight: 400;\">, Algeciras est\u00e1 a poca distancia y Puerto Ban\u00fas a solo media hora.<\/span><\/p>\n<h2><b>Propiedades en Alcaidesa<\/b><\/h2>\n<p><span style=\"font-weight: 400;\">Obtendr\u00e1 mucho m\u00e1s para su presupuesto en Alcaidesa de lo que obtendr\u00eda en la vecina Sotogrande. Desde villas hasta casas urbanas en urbanizaciones como<\/span><span style=\"font-weight: 400;\"> The Mews<\/span><span style=\"font-weight: 400;\"> y apartamentos en urbanizaciones m\u00e1s grandes, Alcaidesa tiene mucho que ofrece<\/span><\/p>\n<p><a href=\"https:\/\/www.hamilton-homes.com\/propiedad\/128-128-01840P\" target=\"_blank\" rel=\"noopener\">https:\/\/www.hamilton-homes.com\/propiedad\/128-128-01840P<\/a><\/p>\n<p><a href=\"https:\/\/www.hamilton-homes.com\/sales?cities=109\"><b>Pinche aqu\u00ed para ver las propiedades que tenemos en venta en Alcaidesa<\/b><\/a><\/p>\n<p>&nbsp;<\/p>\n","protected":false},"excerpt":{"rendered":"<p>Descubra Alcaidesa con Hamilton Homes Cerca del punto m\u00e1s sur de la Costa del Sol, se encuentra comunidad de La[&#8230;]<\/p>\n","protected":false},"author":2,"featured_media":6071,"parent":5921,"menu_order":0,"comment_status":"closed","ping_status":"closed","template":"","meta":{"footnotes":""},"class_list":["post-5926","page","type-page","status-publish","has-post-thumbnail","hentry"],"yoast_head":"<!-- This site is optimized with the Yoast SEO plugin v27.4 - https:\/\/yoast.com\/product\/yoast-seo-wordpress\/ -->\n<title>Alcaidesa - Blog Hamilton Homes<\/title>\n<meta name=\"robots\" content=\"index, follow, max-snippet:-1, max-image-preview:large, max-video-preview:-1\" \/>\n<link rel=\"canonical\" href=\"https:\/\/blog.hamilton-homes.com\/es\/guia-de-la-zona\/alcaidesa\" \/>\n<meta property=\"og:locale\" content=\"es_ES\" \/>\n<meta property=\"og:type\" content=\"article\" \/>\n<meta property=\"og:title\" content=\"Alcaidesa - Blog Hamilton Homes\" \/>\n<meta property=\"og:description\" content=\"Descubra Alcaidesa con Hamilton Homes Cerca del punto m\u00e1s sur de la Costa del Sol, se encuentra comunidad de La[...]\" \/>\n<meta property=\"og:url\" content=\"https:\/\/blog.hamilton-homes.com\/es\/guia-de-la-zona\/alcaidesa\" \/>\n<meta property=\"og:site_name\" content=\"Blog Hamilton Homes\" \/>\n<meta property=\"article:publisher\" content=\"https:\/\/www.facebook.com\/hamiltonhomesspain\/\" \/>\n<meta property=\"article:modified_time\" content=\"2021-05-25T10:37:35+00:00\" \/>\n<meta property=\"og:image\" content=\"https:\/\/blog.hamilton-homes.com\/wp-content\/uploads\/2019\/11\/golf-and-beach-25-1920-x1080.jpg\" \/>\n\t<meta property=\"og:image:width\" content=\"1920\" \/>\n\t<meta property=\"og:image:height\" content=\"1080\" \/>\n\t<meta property=\"og:image:type\" content=\"image\/jpeg\" \/>\n<meta name=\"twitter:card\" content=\"summary_large_image\" \/>\n<meta name=\"twitter:site\" content=\"@hamiltonhomes\" \/>\n<meta name=\"twitter:label1\" content=\"Tiempo de lectura\" \/>\n\t<meta name=\"twitter:data1\" content=\"3 minutos\" \/>\n<script type=\"application\/ld+json\" class=\"yoast-schema-graph\">{\"@context\":\"https:\\\/\\\/schema.org\",\"@graph\":[{\"@type\":\"WebPage\",\"@id\":\"https:\\\/\\\/blog.hamilton-homes.com\\\/es\\\/guia-de-la-zona\\\/alcaidesa\",\"url\":\"https:\\\/\\\/blog.hamilton-homes.com\\\/es\\\/guia-de-la-zona\\\/alcaidesa\",\"name\":\"Alcaidesa - Blog Hamilton Homes\",\"isPartOf\":{\"@id\":\"https:\\\/\\\/blog.hamilton-homes.com\\\/#website\"},\"primaryImageOfPage\":{\"@id\":\"https:\\\/\\\/blog.hamilton-homes.com\\\/es\\\/guia-de-la-zona\\\/alcaidesa#primaryimage\"},\"image\":{\"@id\":\"https:\\\/\\\/blog.hamilton-homes.com\\\/es\\\/guia-de-la-zona\\\/alcaidesa#primaryimage\"},\"thumbnailUrl\":\"https:\\\/\\\/blog.hamilton-homes.com\\\/wp-content\\\/uploads\\\/2019\\\/11\\\/golf-and-beach-25-1920-x1080.jpg\",\"datePublished\":\"2019-11-13T15:00:45+00:00\",\"dateModified\":\"2021-05-25T10:37:35+00:00\",\"breadcrumb\":{\"@id\":\"https:\\\/\\\/blog.hamilton-homes.com\\\/es\\\/guia-de-la-zona\\\/alcaidesa#breadcrumb\"},\"inLanguage\":\"es\",\"potentialAction\":[{\"@type\":\"ReadAction\",\"target\":[\"https:\\\/\\\/blog.hamilton-homes.com\\\/es\\\/guia-de-la-zona\\\/alcaidesa\"]}]},{\"@type\":\"ImageObject\",\"inLanguage\":\"es\",\"@id\":\"https:\\\/\\\/blog.hamilton-homes.com\\\/es\\\/guia-de-la-zona\\\/alcaidesa#primaryimage\",\"url\":\"https:\\\/\\\/blog.hamilton-homes.com\\\/wp-content\\\/uploads\\\/2019\\\/11\\\/golf-and-beach-25-1920-x1080.jpg\",\"contentUrl\":\"https:\\\/\\\/blog.hamilton-homes.com\\\/wp-content\\\/uploads\\\/2019\\\/11\\\/golf-and-beach-25-1920-x1080.jpg\",\"width\":1920,\"height\":1080},{\"@type\":\"BreadcrumbList\",\"@id\":\"https:\\\/\\\/blog.hamilton-homes.com\\\/es\\\/guia-de-la-zona\\\/alcaidesa#breadcrumb\",\"itemListElement\":[{\"@type\":\"ListItem\",\"position\":1,\"name\":\"Home\",\"item\":\"https:\\\/\\\/blog.hamilton-homes.com\\\/\"},{\"@type\":\"ListItem\",\"position\":2,\"name\":\"Gu\u00eda de la Zona\",\"item\":\"https:\\\/\\\/blog.hamilton-homes.com\\\/es\\\/guia-de-la-zona\"},{\"@type\":\"ListItem\",\"position\":3,\"name\":\"Alcaidesa\"}]},{\"@type\":\"WebSite\",\"@id\":\"https:\\\/\\\/blog.hamilton-homes.com\\\/#website\",\"url\":\"https:\\\/\\\/blog.hamilton-homes.com\\\/\",\"name\":\"Hamilton Homes Spain\",\"description\":\"Honesty, Simplicity , Clarity\",\"publisher\":{\"@id\":\"https:\\\/\\\/blog.hamilton-homes.com\\\/#organization\"},\"potentialAction\":[{\"@type\":\"SearchAction\",\"target\":{\"@type\":\"EntryPoint\",\"urlTemplate\":\"https:\\\/\\\/blog.hamilton-homes.com\\\/?s={search_term_string}\"},\"query-input\":{\"@type\":\"PropertyValueSpecification\",\"valueRequired\":true,\"valueName\":\"search_term_string\"}}],\"inLanguage\":\"es\"},{\"@type\":\"Organization\",\"@id\":\"https:\\\/\\\/blog.hamilton-homes.com\\\/#organization\",\"name\":\"Hamilton Homes Spain\",\"url\":\"https:\\\/\\\/blog.hamilton-homes.com\\\/\",\"logo\":{\"@type\":\"ImageObject\",\"inLanguage\":\"es\",\"@id\":\"https:\\\/\\\/blog.hamilton-homes.com\\\/#\\\/schema\\\/logo\\\/image\\\/\",\"url\":\"https:\\\/\\\/blog.hamilton-homes.com\\\/wp-content\\\/uploads\\\/2019\\\/10\\\/logo_horiz-1.png\",\"contentUrl\":\"https:\\\/\\\/blog.hamilton-homes.com\\\/wp-content\\\/uploads\\\/2019\\\/10\\\/logo_horiz-1.png\",\"width\":299,\"height\":62,\"caption\":\"Hamilton Homes Spain\"},\"image\":{\"@id\":\"https:\\\/\\\/blog.hamilton-homes.com\\\/#\\\/schema\\\/logo\\\/image\\\/\"},\"sameAs\":[\"https:\\\/\\\/www.facebook.com\\\/hamiltonhomesspain\\\/\",\"https:\\\/\\\/x.com\\\/hamiltonhomes\",\"https:\\\/\\\/www.instagram.com\\\/hamiltonhomesspain\\\/\",\"https:\\\/\\\/www.pinterest.es\\\/hamilton2852\\\/\",\"https:\\\/\\\/www.youtube.com\\\/channel\\\/UCY3newAZvGHiPFLA4zQEkIQ?view_as=subscriber\"]}]}<\/script>\n<!-- \/ Yoast SEO plugin. -->","yoast_head_json":{"title":"Alcaidesa - Blog Hamilton Homes","robots":{"index":"index","follow":"follow","max-snippet":"max-snippet:-1","max-image-preview":"max-image-preview:large","max-video-preview":"max-video-preview:-1"},"canonical":"https:\/\/blog.hamilton-homes.com\/es\/guia-de-la-zona\/alcaidesa","og_locale":"es_ES","og_type":"article","og_title":"Alcaidesa - Blog Hamilton Homes","og_description":"Descubra Alcaidesa con Hamilton Homes Cerca del punto m\u00e1s sur de la Costa del Sol, se encuentra comunidad de La[...]","og_url":"https:\/\/blog.hamilton-homes.com\/es\/guia-de-la-zona\/alcaidesa","og_site_name":"Blog Hamilton Homes","article_publisher":"https:\/\/www.facebook.com\/hamiltonhomesspain\/","article_modified_time":"2021-05-25T10:37:35+00:00","og_image":[{"width":1920,"height":1080,"url":"https:\/\/blog.hamilton-homes.com\/wp-content\/uploads\/2019\/11\/golf-and-beach-25-1920-x1080.jpg","type":"image\/jpeg"}],"twitter_card":"summary_large_image","twitter_site":"@hamiltonhomes","twitter_misc":{"Tiempo de lectura":"3 minutos"},"schema":{"@context":"https:\/\/schema.org","@graph":[{"@type":"WebPage","@id":"https:\/\/blog.hamilton-homes.com\/es\/guia-de-la-zona\/alcaidesa","url":"https:\/\/blog.hamilton-homes.com\/es\/guia-de-la-zona\/alcaidesa","name":"Alcaidesa - Blog Hamilton Homes","isPartOf":{"@id":"https:\/\/blog.hamilton-homes.com\/#website"},"primaryImageOfPage":{"@id":"https:\/\/blog.hamilton-homes.com\/es\/guia-de-la-zona\/alcaidesa#primaryimage"},"image":{"@id":"https:\/\/blog.hamilton-homes.com\/es\/guia-de-la-zona\/alcaidesa#primaryimage"},"thumbnailUrl":"https:\/\/blog.hamilton-homes.com\/wp-content\/uploads\/2019\/11\/golf-and-beach-25-1920-x1080.jpg","datePublished":"2019-11-13T15:00:45+00:00","dateModified":"2021-05-25T10:37:35+00:00","breadcrumb":{"@id":"https:\/\/blog.hamilton-homes.com\/es\/guia-de-la-zona\/alcaidesa#breadcrumb"},"inLanguage":"es","potentialAction":[{"@type":"ReadAction","target":["https:\/\/blog.hamilton-homes.com\/es\/guia-de-la-zona\/alcaidesa"]}]},{"@type":"ImageObject","inLanguage":"es","@id":"https:\/\/blog.hamilton-homes.com\/es\/guia-de-la-zona\/alcaidesa#primaryimage","url":"https:\/\/blog.hamilton-homes.com\/wp-content\/uploads\/2019\/11\/golf-and-beach-25-1920-x1080.jpg","contentUrl":"https:\/\/blog.hamilton-homes.com\/wp-content\/uploads\/2019\/11\/golf-and-beach-25-1920-x1080.jpg","width":1920,"height":1080},{"@type":"BreadcrumbList","@id":"https:\/\/blog.hamilton-homes.com\/es\/guia-de-la-zona\/alcaidesa#breadcrumb","itemListElement":[{"@type":"ListItem","position":1,"name":"Home","item":"https:\/\/blog.hamilton-homes.com\/"},{"@type":"ListItem","position":2,"name":"Gu\u00eda de la Zona","item":"https:\/\/blog.hamilton-homes.com\/es\/guia-de-la-zona"},{"@type":"ListItem","position":3,"name":"Alcaidesa"}]},{"@type":"WebSite","@id":"https:\/\/blog.hamilton-homes.com\/#website","url":"https:\/\/blog.hamilton-homes.com\/","name":"Hamilton Homes Spain","description":"Honesty, Simplicity , Clarity","publisher":{"@id":"https:\/\/blog.hamilton-homes.com\/#organization"},"potentialAction":[{"@type":"SearchAction","target":{"@type":"EntryPoint","urlTemplate":"https:\/\/blog.hamilton-homes.com\/?s={search_term_string}"},"query-input":{"@type":"PropertyValueSpecification","valueRequired":true,"valueName":"search_term_string"}}],"inLanguage":"es"},{"@type":"Organization","@id":"https:\/\/blog.hamilton-homes.com\/#organization","name":"Hamilton Homes Spain","url":"https:\/\/blog.hamilton-homes.com\/","logo":{"@type":"ImageObject","inLanguage":"es","@id":"https:\/\/blog.hamilton-homes.com\/#\/schema\/logo\/image\/","url":"https:\/\/blog.hamilton-homes.com\/wp-content\/uploads\/2019\/10\/logo_horiz-1.png","contentUrl":"https:\/\/blog.hamilton-homes.com\/wp-content\/uploads\/2019\/10\/logo_horiz-1.png","width":299,"height":62,"caption":"Hamilton Homes Spain"},"image":{"@id":"https:\/\/blog.hamilton-homes.com\/#\/schema\/logo\/image\/"},"sameAs":["https:\/\/www.facebook.com\/hamiltonhomesspain\/","https:\/\/x.com\/hamiltonhomes","https:\/\/www.instagram.com\/hamiltonhomesspain\/","https:\/\/www.pinterest.es\/hamilton2852\/","https:\/\/www.youtube.com\/channel\/UCY3newAZvGHiPFLA4zQEkIQ?view_as=subscriber"]}]}},"_links":{"self":[{"href":"https:\/\/blog.hamilton-homes.com\/es\/wp-json\/wp\/v2\/pages\/5926","targetHints":{"allow":["GET"]}}],"collection":[{"href":"https:\/\/blog.hamilton-homes.com\/es\/wp-json\/wp\/v2\/pages"}],"about":[{"href":"https:\/\/blog.hamilton-homes.com\/es\/wp-json\/wp\/v2\/types\/page"}],"author":[{"embeddable":true,"href":"https:\/\/blog.hamilton-homes.com\/es\/wp-json\/wp\/v2\/users\/2"}],"replies":[{"embeddable":true,"href":"https:\/\/blog.hamilton-homes.com\/es\/wp-json\/wp\/v2\/comments?post=5926"}],"version-history":[{"count":0,"href":"https:\/\/blog.hamilton-homes.com\/es\/wp-json\/wp\/v2\/pages\/5926\/revisions"}],"up":[{"embeddable":true,"href":"https:\/\/blog.hamilton-homes.com\/es\/wp-json\/wp\/v2\/pages\/5921"}],"wp:featuredmedia":[{"embeddable":true,"href":"https:\/\/blog.hamilton-homes.com\/es\/wp-json\/wp\/v2\/media\/6071"}],"wp:attachment":[{"href":"https:\/\/blog.hamilton-homes.com\/es\/wp-json\/wp\/v2\/media?parent=5926"}],"curies":[{"name":"wp","href":"https:\/\/api.w.org\/{rel}","templated":true}]}}