{"id":5924,"date":"2019-11-13T15:59:55","date_gmt":"2019-11-13T14:59:55","guid":{"rendered":"https:\/\/blog.hamilton-homes.com?page_id=5924"},"modified":"2019-11-25T14:11:13","modified_gmt":"2019-11-25T13:11:13","slug":"sotogrande-y-san-roque","status":"publish","type":"page","link":"https:\/\/blog.hamilton-homes.com\/es\/guia-de-la-zona\/sotogrande-y-san-roque","title":{"rendered":"Sotogrande y San Roque"},"content":{"rendered":"<h1><strong>Descubra Sotogrande y San Roque con Hamilton Homes<\/strong><\/h1>\n<p>Sotogrande es una lujosa zona residencial que abarca 25 km2 que van desde la costa hasta las estribaciones de las monta\u00f1as de Almenara, fundada por Joseph McMicking en 1962. Se considera una de las zonas m\u00e1s lujosas de Europa. Sotogrande se encuentra en el municipio de San Roque, que se encuentra dentro de la provincia de C\u00e1diz.<\/p>\n<p><img decoding=\"async\" src=\"https:\/\/blog.hamilton-homes.com\/wp-content\/uploads\/2019\/06\/valderrama-headr-800x446.jpg\" \/><\/p>\n<p>Sotogrande y sus pueblos vecinos tienen mucho que ofrecer. Ya sea que est\u00e9 buscando un estilo de vida Marina, sea un \u00e1vido jugador de golf o prefiera vivir cerca de una peque\u00f1a ciudad, donde puede caminar a restaurantes, servicios y la playa todos los d\u00edas, hay algo para usted. Probablemente sea mejor conocido por sus campos de golf de renombre mundial como <a href=\"http:\/\/www.valderrama.com\/es\/\">Valderrama<\/a>, creado por Robert Trent Jones y Jaime Ortiz-Pati\u00f1o. Tambi\u00e9n es el hogar de <a href=\"https:\/\/santamariapoloclub.com\/\">Santa Maria Polo Club<\/a>, que alberga competiciones internacionales de polo.<\/p>\n<p>Sotogrande est\u00e1 a solo 10 minutos de <a href=\"https:\/\/blog.hamilton-homes.com\/es\/5607-una-escapada-a-gibraltar-desde-casares-y-manilva.html\">Gibraltar<\/a> y su aeropuerto internacional y a poco m\u00e1s de una hora del aeropuerto internacional de M\u00e1laga.<\/p>\n<p>Atrae una mezcla de comunidades creando una atm\u00f3sfera verdaderamente internacional. Tambi\u00e9n es el hogar de la <a href=\"https:\/\/es.sis.ac\/\" target=\"_blank\" rel=\"noopener noreferrer\">Escuela Internacional de Sotogrande<\/a>, una de las principales escuelas de Bachillerato Internacional de Espa\u00f1a.<\/p>\n<h2>Marina de Sotogrande<\/h2>\n<p>El puerto deportivo de Sotogrande se encuentra en un hermoso entorno con vistas al puerto deportivo a trav\u00e9s de la roca de Gibraltar y el norte de \u00c1frica. El puerto de Sotogrande alberga muchos restaurantes, cafeter\u00edas y boutiques con un mercado vibrante que tiene lugar todos los domingos.<\/p>\n<p>El puerto deportivo de Sotogrande ha sido dise\u00f1ado como una \u00abmini Venecia\u00bb con varias islas artificiales alrededor del r\u00edo Guadiaro. Aqu\u00ed hay numerosos desarrollos de apartamentos de lujo. Muchos de estos apartamentos se pueden comprar con amarres para que pueda mantener su bote justo fuera de su hogar.<\/p>\n<p><iframe loading=\"lazy\" src=\"https:\/\/www.youtube.com\/embed\/fJFMTQkw7Sg\" width=\"560\" height=\"315\" frameborder=\"0\" allowfullscreen=\"allowfullscreen\"><\/iframe><\/p>\n<p>Aqu\u00ed hay un ejemplo de una propiedad en Marina de Sotogrande en Ribera de la Tenca:<\/p>\n<p><a href=\"https:\/\/www.hamilton-homes.com\/propiedad\/128-128-01648P\">https:\/\/www.hamilton-homes.com\/propiedad\/128-128-01648P<\/a><\/p>\n<p>Si busca algo nuevo y un proyecto fuera de plan, <a href=\"https:\/\/www.hamilton-homes.com\/promocion\/128-128-00324G\">The Pier<\/a> es una opci\u00f3n de inversi\u00f3n interesante.<\/p>\n<p>Hay muchas actividades para hacer dentro y alrededor de <a href=\"https:\/\/rcms.es\/\" target=\"_blank\" rel=\"noopener noreferrer\">El Club Maritimo Sotogrande<\/a> que ofrece vela y deportes n\u00e1uticos, tambi\u00e9n existe la oportunidad de alquilar motos de agua y barcos en la Marina. Tambi\u00e9n puedes caminar desde el puerto deportivo hasta las impresionantes playas de Sotogrande.<\/p>\n<p><strong>Sotogrande Bajo<\/strong><br \/>\nSotogrande Bajo es la zona residencial de Sotogrande que se encuentra en el lado de la costa. Hay acceso a Sotogrande Bajo a trav\u00e9s de un puesto de guardia las 24 horas. Las avenidas arboladas y los jardines impecables hacen de esta una zona verdaderamente especial. Sotogrande Bajo alberga lujosas villas de estilo andaluz o modernas y tambi\u00e9n alberga algunas urbanizaciones de casas adosadas, como El Casar.<\/p>\n<p>Sotogrande Bajo es tambi\u00e9n el hogar de la zona comercial de Paniagua, con sus restaurantes, cafeter\u00edas e iglesias. Tambi\u00e9n hay un centro comercial con<\/p>\n<p><strong>Sotogrande Alto<\/strong><br \/>\nSotogrande Alto est\u00e1 en la ladera de la monta\u00f1a de Sotogrande. Al igual que Sotogrande Bajo, hay un puesto de guardia las 24 horas y entrada de seguridad. Sotogrande Alto alberga muchas impresionantes villas de lujo y urbanizaciones, con vistas a la monta\u00f1a, al lago y al golf.<\/p>\n<p>Echa un vistazo a esta villa que tenemos en venta en Sotogrande Alto:<\/p>\n<p><a href=\"https:\/\/www.hamilton-homes.com\/propiedad\/128-128-01752P\">https:\/\/www.hamilton-homes.com\/propiedad\/128-128-01752P<\/a><\/p>\n<p>Es el hogar de la Escuela Internacional de Sotogrande, el prestigioso Valderrama Golf Club, La Reserva Golf Club y The Almenara Hotel. La Reserva tiene un espectacular Beach Club con playas artificiales y un \u00e1rea para practicar deportes acu\u00e1ticos. Echa un vistazo a este video para tener una idea real del espectacular club de playa.<\/p>\n<p>Hay una serie de nuevos desarrollos sobre plano que se est\u00e1n construyendo dentro de La Reserva Resort. Este es el comienzo de una nueva \u00abmini aldea\u00bb. Cont\u00e1ctenos para obtener m\u00e1s informaci\u00f3n.<\/p>\n<p><strong>San Roque Club<\/strong><\/p>\n<p>Puede acceder al San Roque Club a trav\u00e9s de caminos internos desde Sotogrande. El San Roque Club es un fabuloso complejo de golf rodeado de una serie de desarrollos de apartamentos de lujo y tambi\u00e9n algunas espectaculares villas independientes. <a href=\"https:\/\/www.sanroqueclub.com\/\">Haga clic aqu\u00ed para obtener m\u00e1s informaci\u00f3n sobre San Roque Club.<\/a><\/p>\n<p><strong>Peque\u00f1os pueblos cerca de Sotogrande<\/strong><\/p>\n<p>Hay dos peque\u00f1os pueblos adicionales cerca de Sotogrande, ambos muy diferentes y encantadores. Los precios en estas \u00e1reas tienden a ser m\u00e1s bajos que si vives dentro del complejo real de Sotogrande, pero est\u00e1n literalmente a solo minutos de distancia.<\/p>\n<p><strong>Pueblo Nuevo de Guadiaro<\/strong><br \/>\nPueblo Nuevo es un peque\u00f1o pueblo con caminos internos que lo llevan a Sotogrande. Pueblo Nuevo es m\u00e1s como un pueblo espa\u00f1ol en muchos sentidos. Tiene una plaza con diferentes tiendas y supermercados, tiendas de salud, restaurantes, bancos, boutiques, un gimnasio, una farmacia y muchas m\u00e1s comodidades. \u00a1Incluso hay un supermercado \u00aben el extranjero\u00bb (Islandia) si anhelas comidas y bocadillos brit\u00e1nicos! En los \u00faltimos 20 a\u00f1os, hemos visto esta ciudad realmente desarrollarse y crecer. Hay algunas villas encantadoras aqu\u00ed. Lo bueno de esta \u00e1rea es que puede disfrutar de todos los beneficios de Sotogrande, pero tambi\u00e9n puede caminar a muchas comodidades.<\/p>\n<p>Eche un vistazo al siguiente enlace para ver una villa en venta en Pueblo Nuevo:<\/p>\n<p><a href=\"https:\/\/www.hamilton-homes.com\/propiedad\/128-128-01482P\">https:\/\/www.hamilton-homes.com\/propiedad\/128-128-01482P<\/a><\/p>\n<p>Literalmente, puede estar en la privacidad de su hogar y luego irse, caminar a las tiendas, comprar un peri\u00f3dico y tomar un caf\u00e9 en la ciudad.<\/p>\n<p><strong>Torreguadiaro<\/strong><\/p>\n<p>Un peque\u00f1o pueblo costero justo al lado del puerto deportivo de Sotogrande. Torreguadiaro se ha forjado una reputaci\u00f3n de ser el centro de bares y restaurantes de moda tipo tapas y hay un verdadero revuelo all\u00ed en las noches de verano. Restaurantes como Puro Tapa y <a href=\"https:\/\/www.facebook.com\/La-Verandah-467217030036364\/\">La Verandah<\/a> se han vuelto muy populares. Tambi\u00e9n puede visitar el Hotel Patricia si le apetece un caf\u00e9 t\u00edpico espa\u00f1ol con vistas a la bah\u00eda con Gibraltar y el norte de \u00c1frica como tel\u00f3n de fondo.<\/p>\n<p>Torreguadiaro is a small town and has some lovely villas nestled up on the hills. Here is an example of one of the villas that we have for sale in the area:<\/p>\n<p><a href=\"https:\/\/www.hamilton-homes.com\/propiedad\/128-128-01701P\">https:\/\/www.hamilton-homes.com\/propiedad\/128-128-01701P<\/a><\/p>\n<p>From these houses, you can walk to amenities, such as local supermarkets, bars, the beach, etc.\u00a0 Torreguadiaro has a lovely, friendly feel about it.<\/p>\n","protected":false},"excerpt":{"rendered":"<p>Descubra Sotogrande y San Roque con Hamilton Homes Sotogrande es una lujosa zona residencial que abarca 25 km2 que van[&#8230;]<\/p>\n","protected":false},"author":2,"featured_media":0,"parent":5921,"menu_order":0,"comment_status":"closed","ping_status":"closed","template":"","meta":{"footnotes":""},"class_list":["post-5924","page","type-page","status-publish","hentry"],"yoast_head":"<!-- This site is optimized with the Yoast SEO plugin v27.4 - https:\/\/yoast.com\/product\/yoast-seo-wordpress\/ -->\n<title>Sotogrande y San Roque - Blog Hamilton Homes<\/title>\n<meta name=\"robots\" content=\"index, follow, max-snippet:-1, max-image-preview:large, max-video-preview:-1\" \/>\n<link rel=\"canonical\" href=\"https:\/\/blog.hamilton-homes.com\/es\/guia-de-la-zona\/sotogrande-y-san-roque\" \/>\n<meta property=\"og:locale\" content=\"es_ES\" \/>\n<meta property=\"og:type\" content=\"article\" \/>\n<meta property=\"og:title\" content=\"Sotogrande y San Roque - Blog Hamilton Homes\" \/>\n<meta property=\"og:description\" content=\"Descubra Sotogrande y San Roque con Hamilton Homes Sotogrande es una lujosa zona residencial que abarca 25 km2 que van[...]\" \/>\n<meta property=\"og:url\" content=\"https:\/\/blog.hamilton-homes.com\/es\/guia-de-la-zona\/sotogrande-y-san-roque\" \/>\n<meta property=\"og:site_name\" content=\"Blog Hamilton Homes\" \/>\n<meta property=\"article:publisher\" content=\"https:\/\/www.facebook.com\/hamiltonhomesspain\/\" \/>\n<meta property=\"article:modified_time\" content=\"2019-11-25T13:11:13+00:00\" \/>\n<meta property=\"og:image\" content=\"https:\/\/blog.hamilton-homes.com\/wp-content\/uploads\/2019\/06\/valderrama-headr-800x446.jpg\" \/>\n<meta name=\"twitter:card\" content=\"summary_large_image\" \/>\n<meta name=\"twitter:site\" content=\"@hamiltonhomes\" \/>\n<meta name=\"twitter:label1\" content=\"Tiempo de lectura\" \/>\n\t<meta name=\"twitter:data1\" content=\"5 minutos\" \/>\n<script type=\"application\/ld+json\" class=\"yoast-schema-graph\">{\"@context\":\"https:\\\/\\\/schema.org\",\"@graph\":[{\"@type\":\"WebPage\",\"@id\":\"https:\\\/\\\/blog.hamilton-homes.com\\\/es\\\/guia-de-la-zona\\\/sotogrande-y-san-roque\",\"url\":\"https:\\\/\\\/blog.hamilton-homes.com\\\/es\\\/guia-de-la-zona\\\/sotogrande-y-san-roque\",\"name\":\"Sotogrande y San Roque - Blog Hamilton Homes\",\"isPartOf\":{\"@id\":\"https:\\\/\\\/blog.hamilton-homes.com\\\/#website\"},\"primaryImageOfPage\":{\"@id\":\"https:\\\/\\\/blog.hamilton-homes.com\\\/es\\\/guia-de-la-zona\\\/sotogrande-y-san-roque#primaryimage\"},\"image\":{\"@id\":\"https:\\\/\\\/blog.hamilton-homes.com\\\/es\\\/guia-de-la-zona\\\/sotogrande-y-san-roque#primaryimage\"},\"thumbnailUrl\":\"https:\\\/\\\/blog.hamilton-homes.com\\\/wp-content\\\/uploads\\\/2019\\\/06\\\/valderrama-headr-800x446.jpg\",\"datePublished\":\"2019-11-13T14:59:55+00:00\",\"dateModified\":\"2019-11-25T13:11:13+00:00\",\"breadcrumb\":{\"@id\":\"https:\\\/\\\/blog.hamilton-homes.com\\\/es\\\/guia-de-la-zona\\\/sotogrande-y-san-roque#breadcrumb\"},\"inLanguage\":\"es\",\"potentialAction\":[{\"@type\":\"ReadAction\",\"target\":[\"https:\\\/\\\/blog.hamilton-homes.com\\\/es\\\/guia-de-la-zona\\\/sotogrande-y-san-roque\"]}]},{\"@type\":\"ImageObject\",\"inLanguage\":\"es\",\"@id\":\"https:\\\/\\\/blog.hamilton-homes.com\\\/es\\\/guia-de-la-zona\\\/sotogrande-y-san-roque#primaryimage\",\"url\":\"https:\\\/\\\/blog.hamilton-homes.com\\\/wp-content\\\/uploads\\\/2019\\\/06\\\/valderrama-headr-800x446.jpg\",\"contentUrl\":\"https:\\\/\\\/blog.hamilton-homes.com\\\/wp-content\\\/uploads\\\/2019\\\/06\\\/valderrama-headr-800x446.jpg\"},{\"@type\":\"BreadcrumbList\",\"@id\":\"https:\\\/\\\/blog.hamilton-homes.com\\\/es\\\/guia-de-la-zona\\\/sotogrande-y-san-roque#breadcrumb\",\"itemListElement\":[{\"@type\":\"ListItem\",\"position\":1,\"name\":\"Home\",\"item\":\"https:\\\/\\\/blog.hamilton-homes.com\\\/\"},{\"@type\":\"ListItem\",\"position\":2,\"name\":\"Gu\u00eda de la Zona\",\"item\":\"https:\\\/\\\/blog.hamilton-homes.com\\\/es\\\/guia-de-la-zona\"},{\"@type\":\"ListItem\",\"position\":3,\"name\":\"Sotogrande y San Roque\"}]},{\"@type\":\"WebSite\",\"@id\":\"https:\\\/\\\/blog.hamilton-homes.com\\\/#website\",\"url\":\"https:\\\/\\\/blog.hamilton-homes.com\\\/\",\"name\":\"Hamilton Homes Spain\",\"description\":\"Honesty, Simplicity , Clarity\",\"publisher\":{\"@id\":\"https:\\\/\\\/blog.hamilton-homes.com\\\/#organization\"},\"potentialAction\":[{\"@type\":\"SearchAction\",\"target\":{\"@type\":\"EntryPoint\",\"urlTemplate\":\"https:\\\/\\\/blog.hamilton-homes.com\\\/?s={search_term_string}\"},\"query-input\":{\"@type\":\"PropertyValueSpecification\",\"valueRequired\":true,\"valueName\":\"search_term_string\"}}],\"inLanguage\":\"es\"},{\"@type\":\"Organization\",\"@id\":\"https:\\\/\\\/blog.hamilton-homes.com\\\/#organization\",\"name\":\"Hamilton Homes Spain\",\"url\":\"https:\\\/\\\/blog.hamilton-homes.com\\\/\",\"logo\":{\"@type\":\"ImageObject\",\"inLanguage\":\"es\",\"@id\":\"https:\\\/\\\/blog.hamilton-homes.com\\\/#\\\/schema\\\/logo\\\/image\\\/\",\"url\":\"https:\\\/\\\/blog.hamilton-homes.com\\\/wp-content\\\/uploads\\\/2019\\\/10\\\/logo_horiz-1.png\",\"contentUrl\":\"https:\\\/\\\/blog.hamilton-homes.com\\\/wp-content\\\/uploads\\\/2019\\\/10\\\/logo_horiz-1.png\",\"width\":299,\"height\":62,\"caption\":\"Hamilton Homes Spain\"},\"image\":{\"@id\":\"https:\\\/\\\/blog.hamilton-homes.com\\\/#\\\/schema\\\/logo\\\/image\\\/\"},\"sameAs\":[\"https:\\\/\\\/www.facebook.com\\\/hamiltonhomesspain\\\/\",\"https:\\\/\\\/x.com\\\/hamiltonhomes\",\"https:\\\/\\\/www.instagram.com\\\/hamiltonhomesspain\\\/\",\"https:\\\/\\\/www.pinterest.es\\\/hamilton2852\\\/\",\"https:\\\/\\\/www.youtube.com\\\/channel\\\/UCY3newAZvGHiPFLA4zQEkIQ?view_as=subscriber\"]}]}<\/script>\n<!-- \/ Yoast SEO plugin. -->","yoast_head_json":{"title":"Sotogrande y San Roque - Blog Hamilton Homes","robots":{"index":"index","follow":"follow","max-snippet":"max-snippet:-1","max-image-preview":"max-image-preview:large","max-video-preview":"max-video-preview:-1"},"canonical":"https:\/\/blog.hamilton-homes.com\/es\/guia-de-la-zona\/sotogrande-y-san-roque","og_locale":"es_ES","og_type":"article","og_title":"Sotogrande y San Roque - Blog Hamilton Homes","og_description":"Descubra Sotogrande y San Roque con Hamilton Homes Sotogrande es una lujosa zona residencial que abarca 25 km2 que van[...]","og_url":"https:\/\/blog.hamilton-homes.com\/es\/guia-de-la-zona\/sotogrande-y-san-roque","og_site_name":"Blog Hamilton Homes","article_publisher":"https:\/\/www.facebook.com\/hamiltonhomesspain\/","article_modified_time":"2019-11-25T13:11:13+00:00","og_image":[{"url":"https:\/\/blog.hamilton-homes.com\/wp-content\/uploads\/2019\/06\/valderrama-headr-800x446.jpg","type":"","width":"","height":""}],"twitter_card":"summary_large_image","twitter_site":"@hamiltonhomes","twitter_misc":{"Tiempo de lectura":"5 minutos"},"schema":{"@context":"https:\/\/schema.org","@graph":[{"@type":"WebPage","@id":"https:\/\/blog.hamilton-homes.com\/es\/guia-de-la-zona\/sotogrande-y-san-roque","url":"https:\/\/blog.hamilton-homes.com\/es\/guia-de-la-zona\/sotogrande-y-san-roque","name":"Sotogrande y San Roque - Blog Hamilton Homes","isPartOf":{"@id":"https:\/\/blog.hamilton-homes.com\/#website"},"primaryImageOfPage":{"@id":"https:\/\/blog.hamilton-homes.com\/es\/guia-de-la-zona\/sotogrande-y-san-roque#primaryimage"},"image":{"@id":"https:\/\/blog.hamilton-homes.com\/es\/guia-de-la-zona\/sotogrande-y-san-roque#primaryimage"},"thumbnailUrl":"https:\/\/blog.hamilton-homes.com\/wp-content\/uploads\/2019\/06\/valderrama-headr-800x446.jpg","datePublished":"2019-11-13T14:59:55+00:00","dateModified":"2019-11-25T13:11:13+00:00","breadcrumb":{"@id":"https:\/\/blog.hamilton-homes.com\/es\/guia-de-la-zona\/sotogrande-y-san-roque#breadcrumb"},"inLanguage":"es","potentialAction":[{"@type":"ReadAction","target":["https:\/\/blog.hamilton-homes.com\/es\/guia-de-la-zona\/sotogrande-y-san-roque"]}]},{"@type":"ImageObject","inLanguage":"es","@id":"https:\/\/blog.hamilton-homes.com\/es\/guia-de-la-zona\/sotogrande-y-san-roque#primaryimage","url":"https:\/\/blog.hamilton-homes.com\/wp-content\/uploads\/2019\/06\/valderrama-headr-800x446.jpg","contentUrl":"https:\/\/blog.hamilton-homes.com\/wp-content\/uploads\/2019\/06\/valderrama-headr-800x446.jpg"},{"@type":"BreadcrumbList","@id":"https:\/\/blog.hamilton-homes.com\/es\/guia-de-la-zona\/sotogrande-y-san-roque#breadcrumb","itemListElement":[{"@type":"ListItem","position":1,"name":"Home","item":"https:\/\/blog.hamilton-homes.com\/"},{"@type":"ListItem","position":2,"name":"Gu\u00eda de la Zona","item":"https:\/\/blog.hamilton-homes.com\/es\/guia-de-la-zona"},{"@type":"ListItem","position":3,"name":"Sotogrande y San Roque"}]},{"@type":"WebSite","@id":"https:\/\/blog.hamilton-homes.com\/#website","url":"https:\/\/blog.hamilton-homes.com\/","name":"Hamilton Homes Spain","description":"Honesty, Simplicity , Clarity","publisher":{"@id":"https:\/\/blog.hamilton-homes.com\/#organization"},"potentialAction":[{"@type":"SearchAction","target":{"@type":"EntryPoint","urlTemplate":"https:\/\/blog.hamilton-homes.com\/?s={search_term_string}"},"query-input":{"@type":"PropertyValueSpecification","valueRequired":true,"valueName":"search_term_string"}}],"inLanguage":"es"},{"@type":"Organization","@id":"https:\/\/blog.hamilton-homes.com\/#organization","name":"Hamilton Homes Spain","url":"https:\/\/blog.hamilton-homes.com\/","logo":{"@type":"ImageObject","inLanguage":"es","@id":"https:\/\/blog.hamilton-homes.com\/#\/schema\/logo\/image\/","url":"https:\/\/blog.hamilton-homes.com\/wp-content\/uploads\/2019\/10\/logo_horiz-1.png","contentUrl":"https:\/\/blog.hamilton-homes.com\/wp-content\/uploads\/2019\/10\/logo_horiz-1.png","width":299,"height":62,"caption":"Hamilton Homes Spain"},"image":{"@id":"https:\/\/blog.hamilton-homes.com\/#\/schema\/logo\/image\/"},"sameAs":["https:\/\/www.facebook.com\/hamiltonhomesspain\/","https:\/\/x.com\/hamiltonhomes","https:\/\/www.instagram.com\/hamiltonhomesspain\/","https:\/\/www.pinterest.es\/hamilton2852\/","https:\/\/www.youtube.com\/channel\/UCY3newAZvGHiPFLA4zQEkIQ?view_as=subscriber"]}]}},"_links":{"self":[{"href":"https:\/\/blog.hamilton-homes.com\/es\/wp-json\/wp\/v2\/pages\/5924","targetHints":{"allow":["GET"]}}],"collection":[{"href":"https:\/\/blog.hamilton-homes.com\/es\/wp-json\/wp\/v2\/pages"}],"about":[{"href":"https:\/\/blog.hamilton-homes.com\/es\/wp-json\/wp\/v2\/types\/page"}],"author":[{"embeddable":true,"href":"https:\/\/blog.hamilton-homes.com\/es\/wp-json\/wp\/v2\/users\/2"}],"replies":[{"embeddable":true,"href":"https:\/\/blog.hamilton-homes.com\/es\/wp-json\/wp\/v2\/comments?post=5924"}],"version-history":[{"count":0,"href":"https:\/\/blog.hamilton-homes.com\/es\/wp-json\/wp\/v2\/pages\/5924\/revisions"}],"up":[{"embeddable":true,"href":"https:\/\/blog.hamilton-homes.com\/es\/wp-json\/wp\/v2\/pages\/5921"}],"wp:attachment":[{"href":"https:\/\/blog.hamilton-homes.com\/es\/wp-json\/wp\/v2\/media?parent=5924"}],"curies":[{"name":"wp","href":"https:\/\/api.w.org\/{rel}","templated":true}]}}