{"id":5923,"date":"2019-11-13T15:59:05","date_gmt":"2019-11-13T14:59:05","guid":{"rendered":"https:\/\/blog.hamilton-homes.com?page_id=5923"},"modified":"2019-11-13T16:30:42","modified_gmt":"2019-11-13T15:30:42","slug":"casares","status":"publish","type":"page","link":"https:\/\/blog.hamilton-homes.com\/es\/guia-de-la-zona\/casares","title":{"rendered":"Casares"},"content":{"rendered":"<p><span style=\"font-weight: 400;\">El municipio de Casares est\u00e1 ubicado en la provincia de M\u00e1laga y se encuentra entre Manilva, Estepona y Gauc\u00edn. Casares es una zona \u00fanica y diversa que se extiende desde la costa, hasta el pueblo blanco tradicional. Casares est\u00e1 muy bien conectado ya que se encuentra entre dos aeropuertos internacionales &#8211; Gibraltar (30 mins) y M\u00e1laga (1 hora) y adem\u00e1s est\u00e1 a 20 mins de Marbella.\u00a0<\/span><\/p>\n<p><img loading=\"lazy\" decoding=\"async\" class=\"aligncenter wp-image-5580\" src=\"http:\/\/www.hamilton-homes.com\/blog\/wp-content\/uploads\/2019\/06\/img_20190529_134859-800x566.jpg\" alt=\"\" width=\"551\" height=\"390\" srcset=\"https:\/\/blog.hamilton-homes.com\/wp-content\/uploads\/2019\/06\/img_20190529_134859-800x566.jpg 800w, https:\/\/blog.hamilton-homes.com\/wp-content\/uploads\/2019\/06\/img_20190529_134859-600x425.jpg 600w, https:\/\/blog.hamilton-homes.com\/wp-content\/uploads\/2019\/06\/img_20190529_134859-768x544.jpg 768w\" sizes=\"auto, (max-width: 551px) 100vw, 551px\" \/><\/p>\n<p>&nbsp;<\/p>\n<p><span style=\"font-weight: 400;\">Casares Costa es una zona de 2km que une a Manilva a las playas de Estepona. Es una costa preciosa que cuenta con la Torre de la Sal, del siglo 16. En Casares tambi\u00e9n se encuentra el famoso club de playa de Finca Cortes\u00edn y el Chiringuito La Sal. Puedes ir andando desde las playas de Casares hasta Sabinillas, con sus tiendas, restaurantes y servicios y seguir por el paseo mar\u00edtimo hasta la Marina de la Duquesa.<\/span><\/p>\n<p><span style=\"font-weight: 400;\">Hay unas urbanizaciones que est\u00e1n muy bien establecidas. Si buscas apartamentos lujosos a pie de playa, La Perla de La Bah\u00eda es una urbanizaci\u00f3n popular con arquitectura de estilo \u00e1rabe. Si buscas una casa adosada en la playa, te puede interesar Marina de Casares, que se encuentra cerca del club de tenis.<\/span><\/p>\n<p>&nbsp;<\/p>\n<p><img loading=\"lazy\" decoding=\"async\" class=\"aligncenter wp-image-5581\" src=\"http:\/\/www.hamilton-homes.com\/blog\/wp-content\/uploads\/2019\/06\/whatsapp-image-2019-06-06-at-5-52-43-pm-800x600.jpeg\" alt=\"\" width=\"551\" height=\"413\" srcset=\"https:\/\/blog.hamilton-homes.com\/wp-content\/uploads\/2019\/06\/whatsapp-image-2019-06-06-at-5-52-43-pm-800x600.jpeg 800w, https:\/\/blog.hamilton-homes.com\/wp-content\/uploads\/2019\/06\/whatsapp-image-2019-06-06-at-5-52-43-pm-250x187.jpeg 250w, https:\/\/blog.hamilton-homes.com\/wp-content\/uploads\/2019\/06\/whatsapp-image-2019-06-06-at-5-52-43-pm-600x450.jpeg 600w, https:\/\/blog.hamilton-homes.com\/wp-content\/uploads\/2019\/06\/whatsapp-image-2019-06-06-at-5-52-43-pm-768x576.jpeg 768w, https:\/\/blog.hamilton-homes.com\/wp-content\/uploads\/2019\/06\/whatsapp-image-2019-06-06-at-5-52-43-pm.jpeg 1024w\" sizes=\"auto, (max-width: 551px) 100vw, 551px\" \/><\/p>\n<p>&nbsp;<\/p>\n<p><span style=\"font-weight: 400;\">Al otro lado del puente y en la parte de abajo de la carretera de Casares, es la zona de Bah\u00eda de Casares.<\/span><\/p>\n<p><span style=\"font-weight: 400;\">Aunque la bah\u00eda de Casares est\u00e1 bastante elevada, est\u00e1 solo a unos minutos andando a la playa. Esta zona goza de vistas espectaculares de las monta\u00f1as y del mar incluyendo vistas de Gibraltar y \u00c1frica. Es tambi\u00e9n donde se encuentra Casares Golf.<\/span><\/p>\n<p><span style=\"font-weight: 400;\">\u00a0Si est\u00e1s buscando propiedades con potencial para alquiler y que est\u00e1n en comunidades bien establecidas, las urbanizaciones vienen a mente son Casares del Sol, el Para\u00edso de la Bah\u00eda, Casares Real y Casares Costa Golf. Para algo m\u00e1s lujoso, los apartamentos de Majestic Gardens y Majestic Hills son opciones excelentes. Si est\u00e1s interesado en villas, las villas de Majestic ofrecen cualidades geniales y vistas incre\u00edbles.<\/span><\/p>\n<p><span style=\"font-weight: 400;\">Al seguir subiendo la monta\u00f1a hacia el Pueblo de Casares, llegas a Finca Cortes\u00edn.\u00a0<\/span><\/p>\n<p><span style=\"font-weight: 400;\">Finca Cortes\u00edn es un complejo prestigioso y lujoso de 6 estrellas, que mezcla belleza con estilo para presentar uno de los mejores complejos de Europa. Consta de 5 elementos claves &#8211; un hotel, una pista de golf, un spa, un club de deportes, un club de playa y una zona residencial. El hotel tiene cinco restaurantes excelentes, incluyendo Kabuki Raw, un restaurante michel\u00edn. La arquitectura andaluza con sus patios amplios, fuentes e interiores \u00e1rabes convierten al hotel en un sitio muy especial.<\/span><\/p>\n<p>&nbsp;<\/p>\n<p><img loading=\"lazy\" decoding=\"async\" class=\"aligncenter wp-image-5582\" src=\"http:\/\/www.hamilton-homes.com\/blog\/wp-content\/uploads\/2019\/06\/finca-cortesin-800x534.jpeg\" alt=\"\" width=\"551\" height=\"368\" srcset=\"https:\/\/blog.hamilton-homes.com\/wp-content\/uploads\/2019\/06\/finca-cortesin-800x534.jpeg 800w, https:\/\/blog.hamilton-homes.com\/wp-content\/uploads\/2019\/06\/finca-cortesin-600x400.jpeg 600w, https:\/\/blog.hamilton-homes.com\/wp-content\/uploads\/2019\/06\/finca-cortesin-768x512.jpeg 768w, https:\/\/blog.hamilton-homes.com\/wp-content\/uploads\/2019\/06\/finca-cortesin.jpeg 1000w\" sizes=\"auto, (max-width: 551px) 100vw, 551px\" \/><\/p>\n<p>&nbsp;<\/p>\n<p><span style=\"font-weight: 400;\">Si est\u00e1s buscando comprar una propiedad en este complejo, las urbanizaciones Altos de Cortes\u00edn y Terrazas de Cortes\u00edn ofrecen apartamentos preciosos y casa adosadas muy privadas. Si buscas una villa, hay villas incre\u00edbles con parcelas privadas. Cada villa tiene un estilo diferente y \u00fanico, y se encuentran muy cerca de todos los servicios ofrecidos por el hotel &#8211; la playa tambi\u00e9n se encuentra cerca.<\/span><\/p>\n<p><span style=\"font-weight: 400;\">Al seguir subiendo la carretera de Casares, se llega al pueblo blanco de Casares, que parece sacado de una fantas\u00eda con su castillo y con el color blanco. El pueblo tiene calles estrechas, rocosas y empinadas con una plaza preciosa en medio, en donde se puede sentar y disfrutar de unos churros o simplemente observar. La carretera de Casares es muy conocida por su gastronom\u00eda ya que goza de numerosos restaurantes. Tambi\u00e9n hay una f\u00e1brica de queso que produce un queso de cabra delicioso y que tambi\u00e9n organiza visitas guiadas.<\/span><\/p>\n<p><img loading=\"lazy\" decoding=\"async\" class=\"aligncenter wp-image-5583\" src=\"http:\/\/www.hamilton-homes.com\/blog\/wp-content\/uploads\/2019\/06\/arc_276724_g-800x533.jpg\" alt=\"\" width=\"551\" height=\"367\" \/><\/p>\n<p><strong>\u00a0Do\u00f1a Julia<\/strong><\/p>\n<p><span style=\"font-weight: 400;\">Al conducir hacia Manilva desde la rotonda principal de Casares, hay un giro a la derecha, al lado del restaurante La Choza. Al subir la cuesta, estar\u00e1s en Do\u00f1a Julia. Esta zona consta de una pista de golf, una casa club y de numerosas urbanizaciones. La ubicaci\u00f3n de estas urbanizaciones es excelente ya que muchas de ellas tienen vistas al mar, a las pistas de golf y a las monta\u00f1as. Tambi\u00e9n est\u00e1n muy cerca del pueblo de Sabinillas, de Casares costa y del pueblo de Casares. Urbanizaciones como La Herencia ofrecen apartamentos de alta calidad, terrazas amplias y vistas incre\u00edbles.\u00a0<\/span><\/p>\n<p><span style=\"font-weight: 400;\">\u00a0Crees que podr\u00edas vivir en Casares? \u00c9chale un vistazo a estas propiedades:<\/span><\/p>\n<p><a href=\"http:\/\/www.hamilton-homes.com\/properties\/casares+%26+gaucin\/\"><span style=\"font-weight: 400;\">Propiedades en Venta en Casares<\/span><\/a><\/p>\n<p>&nbsp;<\/p>\n","protected":false},"excerpt":{"rendered":"<p>El municipio de Casares est\u00e1 ubicado en la provincia de M\u00e1laga y se encuentra entre Manilva, Estepona y Gauc\u00edn. Casares[&#8230;]<\/p>\n","protected":false},"author":2,"featured_media":5848,"parent":5921,"menu_order":0,"comment_status":"closed","ping_status":"closed","template":"","meta":{"footnotes":""},"class_list":["post-5923","page","type-page","status-publish","has-post-thumbnail","hentry"],"yoast_head":"<!-- This site is optimized with the Yoast SEO plugin v27.4 - https:\/\/yoast.com\/product\/yoast-seo-wordpress\/ -->\n<title>Casares - Blog Hamilton Homes<\/title>\n<meta name=\"robots\" content=\"index, follow, max-snippet:-1, max-image-preview:large, max-video-preview:-1\" \/>\n<link rel=\"canonical\" href=\"https:\/\/blog.hamilton-homes.com\/es\/guia-de-la-zona\/casares\" \/>\n<meta property=\"og:locale\" content=\"es_ES\" \/>\n<meta property=\"og:type\" content=\"article\" \/>\n<meta property=\"og:title\" content=\"Casares - Blog Hamilton Homes\" \/>\n<meta property=\"og:description\" content=\"El municipio de Casares est\u00e1 ubicado en la provincia de M\u00e1laga y se encuentra entre Manilva, Estepona y Gauc\u00edn. Casares[...]\" \/>\n<meta property=\"og:url\" content=\"https:\/\/blog.hamilton-homes.com\/es\/guia-de-la-zona\/casares\" \/>\n<meta property=\"og:site_name\" content=\"Blog Hamilton Homes\" \/>\n<meta property=\"article:publisher\" content=\"https:\/\/www.facebook.com\/hamiltonhomesspain\/\" \/>\n<meta property=\"article:modified_time\" content=\"2019-11-13T15:30:42+00:00\" \/>\n<meta property=\"og:image\" content=\"https:\/\/blog.hamilton-homes.com\/wp-content\/uploads\/2019\/06\/casares-wordpress-original-1920-x-1080.jpg\" \/>\n\t<meta property=\"og:image:width\" content=\"1920\" \/>\n\t<meta property=\"og:image:height\" content=\"1080\" \/>\n\t<meta property=\"og:image:type\" content=\"image\/jpeg\" \/>\n<meta name=\"twitter:card\" content=\"summary_large_image\" \/>\n<meta name=\"twitter:site\" content=\"@hamiltonhomes\" \/>\n<meta name=\"twitter:label1\" content=\"Tiempo de lectura\" \/>\n\t<meta name=\"twitter:data1\" content=\"4 minutos\" \/>\n<script type=\"application\/ld+json\" class=\"yoast-schema-graph\">{\"@context\":\"https:\\\/\\\/schema.org\",\"@graph\":[{\"@type\":\"WebPage\",\"@id\":\"https:\\\/\\\/blog.hamilton-homes.com\\\/es\\\/guia-de-la-zona\\\/casares\",\"url\":\"https:\\\/\\\/blog.hamilton-homes.com\\\/es\\\/guia-de-la-zona\\\/casares\",\"name\":\"Casares - Blog Hamilton Homes\",\"isPartOf\":{\"@id\":\"https:\\\/\\\/blog.hamilton-homes.com\\\/#website\"},\"primaryImageOfPage\":{\"@id\":\"https:\\\/\\\/blog.hamilton-homes.com\\\/es\\\/guia-de-la-zona\\\/casares#primaryimage\"},\"image\":{\"@id\":\"https:\\\/\\\/blog.hamilton-homes.com\\\/es\\\/guia-de-la-zona\\\/casares#primaryimage\"},\"thumbnailUrl\":\"https:\\\/\\\/blog.hamilton-homes.com\\\/wp-content\\\/uploads\\\/2019\\\/06\\\/casares-wordpress-original-1920-x-1080.jpg\",\"datePublished\":\"2019-11-13T14:59:05+00:00\",\"dateModified\":\"2019-11-13T15:30:42+00:00\",\"breadcrumb\":{\"@id\":\"https:\\\/\\\/blog.hamilton-homes.com\\\/es\\\/guia-de-la-zona\\\/casares#breadcrumb\"},\"inLanguage\":\"es\",\"potentialAction\":[{\"@type\":\"ReadAction\",\"target\":[\"https:\\\/\\\/blog.hamilton-homes.com\\\/es\\\/guia-de-la-zona\\\/casares\"]}]},{\"@type\":\"ImageObject\",\"inLanguage\":\"es\",\"@id\":\"https:\\\/\\\/blog.hamilton-homes.com\\\/es\\\/guia-de-la-zona\\\/casares#primaryimage\",\"url\":\"https:\\\/\\\/blog.hamilton-homes.com\\\/wp-content\\\/uploads\\\/2019\\\/06\\\/casares-wordpress-original-1920-x-1080.jpg\",\"contentUrl\":\"https:\\\/\\\/blog.hamilton-homes.com\\\/wp-content\\\/uploads\\\/2019\\\/06\\\/casares-wordpress-original-1920-x-1080.jpg\",\"width\":1920,\"height\":1080,\"caption\":\"Photo of the white-washed village of Casares\"},{\"@type\":\"BreadcrumbList\",\"@id\":\"https:\\\/\\\/blog.hamilton-homes.com\\\/es\\\/guia-de-la-zona\\\/casares#breadcrumb\",\"itemListElement\":[{\"@type\":\"ListItem\",\"position\":1,\"name\":\"Home\",\"item\":\"https:\\\/\\\/blog.hamilton-homes.com\\\/\"},{\"@type\":\"ListItem\",\"position\":2,\"name\":\"Gu\u00eda de la Zona\",\"item\":\"https:\\\/\\\/blog.hamilton-homes.com\\\/es\\\/guia-de-la-zona\"},{\"@type\":\"ListItem\",\"position\":3,\"name\":\"Casares\"}]},{\"@type\":\"WebSite\",\"@id\":\"https:\\\/\\\/blog.hamilton-homes.com\\\/#website\",\"url\":\"https:\\\/\\\/blog.hamilton-homes.com\\\/\",\"name\":\"Hamilton Homes Spain\",\"description\":\"Honesty, Simplicity , Clarity\",\"publisher\":{\"@id\":\"https:\\\/\\\/blog.hamilton-homes.com\\\/#organization\"},\"potentialAction\":[{\"@type\":\"SearchAction\",\"target\":{\"@type\":\"EntryPoint\",\"urlTemplate\":\"https:\\\/\\\/blog.hamilton-homes.com\\\/?s={search_term_string}\"},\"query-input\":{\"@type\":\"PropertyValueSpecification\",\"valueRequired\":true,\"valueName\":\"search_term_string\"}}],\"inLanguage\":\"es\"},{\"@type\":\"Organization\",\"@id\":\"https:\\\/\\\/blog.hamilton-homes.com\\\/#organization\",\"name\":\"Hamilton Homes Spain\",\"url\":\"https:\\\/\\\/blog.hamilton-homes.com\\\/\",\"logo\":{\"@type\":\"ImageObject\",\"inLanguage\":\"es\",\"@id\":\"https:\\\/\\\/blog.hamilton-homes.com\\\/#\\\/schema\\\/logo\\\/image\\\/\",\"url\":\"https:\\\/\\\/blog.hamilton-homes.com\\\/wp-content\\\/uploads\\\/2019\\\/10\\\/logo_horiz-1.png\",\"contentUrl\":\"https:\\\/\\\/blog.hamilton-homes.com\\\/wp-content\\\/uploads\\\/2019\\\/10\\\/logo_horiz-1.png\",\"width\":299,\"height\":62,\"caption\":\"Hamilton Homes Spain\"},\"image\":{\"@id\":\"https:\\\/\\\/blog.hamilton-homes.com\\\/#\\\/schema\\\/logo\\\/image\\\/\"},\"sameAs\":[\"https:\\\/\\\/www.facebook.com\\\/hamiltonhomesspain\\\/\",\"https:\\\/\\\/x.com\\\/hamiltonhomes\",\"https:\\\/\\\/www.instagram.com\\\/hamiltonhomesspain\\\/\",\"https:\\\/\\\/www.pinterest.es\\\/hamilton2852\\\/\",\"https:\\\/\\\/www.youtube.com\\\/channel\\\/UCY3newAZvGHiPFLA4zQEkIQ?view_as=subscriber\"]}]}<\/script>\n<!-- \/ Yoast SEO plugin. -->","yoast_head_json":{"title":"Casares - Blog Hamilton Homes","robots":{"index":"index","follow":"follow","max-snippet":"max-snippet:-1","max-image-preview":"max-image-preview:large","max-video-preview":"max-video-preview:-1"},"canonical":"https:\/\/blog.hamilton-homes.com\/es\/guia-de-la-zona\/casares","og_locale":"es_ES","og_type":"article","og_title":"Casares - Blog Hamilton Homes","og_description":"El municipio de Casares est\u00e1 ubicado en la provincia de M\u00e1laga y se encuentra entre Manilva, Estepona y Gauc\u00edn. Casares[...]","og_url":"https:\/\/blog.hamilton-homes.com\/es\/guia-de-la-zona\/casares","og_site_name":"Blog Hamilton Homes","article_publisher":"https:\/\/www.facebook.com\/hamiltonhomesspain\/","article_modified_time":"2019-11-13T15:30:42+00:00","og_image":[{"width":1920,"height":1080,"url":"https:\/\/blog.hamilton-homes.com\/wp-content\/uploads\/2019\/06\/casares-wordpress-original-1920-x-1080.jpg","type":"image\/jpeg"}],"twitter_card":"summary_large_image","twitter_site":"@hamiltonhomes","twitter_misc":{"Tiempo de lectura":"4 minutos"},"schema":{"@context":"https:\/\/schema.org","@graph":[{"@type":"WebPage","@id":"https:\/\/blog.hamilton-homes.com\/es\/guia-de-la-zona\/casares","url":"https:\/\/blog.hamilton-homes.com\/es\/guia-de-la-zona\/casares","name":"Casares - Blog Hamilton Homes","isPartOf":{"@id":"https:\/\/blog.hamilton-homes.com\/#website"},"primaryImageOfPage":{"@id":"https:\/\/blog.hamilton-homes.com\/es\/guia-de-la-zona\/casares#primaryimage"},"image":{"@id":"https:\/\/blog.hamilton-homes.com\/es\/guia-de-la-zona\/casares#primaryimage"},"thumbnailUrl":"https:\/\/blog.hamilton-homes.com\/wp-content\/uploads\/2019\/06\/casares-wordpress-original-1920-x-1080.jpg","datePublished":"2019-11-13T14:59:05+00:00","dateModified":"2019-11-13T15:30:42+00:00","breadcrumb":{"@id":"https:\/\/blog.hamilton-homes.com\/es\/guia-de-la-zona\/casares#breadcrumb"},"inLanguage":"es","potentialAction":[{"@type":"ReadAction","target":["https:\/\/blog.hamilton-homes.com\/es\/guia-de-la-zona\/casares"]}]},{"@type":"ImageObject","inLanguage":"es","@id":"https:\/\/blog.hamilton-homes.com\/es\/guia-de-la-zona\/casares#primaryimage","url":"https:\/\/blog.hamilton-homes.com\/wp-content\/uploads\/2019\/06\/casares-wordpress-original-1920-x-1080.jpg","contentUrl":"https:\/\/blog.hamilton-homes.com\/wp-content\/uploads\/2019\/06\/casares-wordpress-original-1920-x-1080.jpg","width":1920,"height":1080,"caption":"Photo of the white-washed village of Casares"},{"@type":"BreadcrumbList","@id":"https:\/\/blog.hamilton-homes.com\/es\/guia-de-la-zona\/casares#breadcrumb","itemListElement":[{"@type":"ListItem","position":1,"name":"Home","item":"https:\/\/blog.hamilton-homes.com\/"},{"@type":"ListItem","position":2,"name":"Gu\u00eda de la Zona","item":"https:\/\/blog.hamilton-homes.com\/es\/guia-de-la-zona"},{"@type":"ListItem","position":3,"name":"Casares"}]},{"@type":"WebSite","@id":"https:\/\/blog.hamilton-homes.com\/#website","url":"https:\/\/blog.hamilton-homes.com\/","name":"Hamilton Homes Spain","description":"Honesty, Simplicity , Clarity","publisher":{"@id":"https:\/\/blog.hamilton-homes.com\/#organization"},"potentialAction":[{"@type":"SearchAction","target":{"@type":"EntryPoint","urlTemplate":"https:\/\/blog.hamilton-homes.com\/?s={search_term_string}"},"query-input":{"@type":"PropertyValueSpecification","valueRequired":true,"valueName":"search_term_string"}}],"inLanguage":"es"},{"@type":"Organization","@id":"https:\/\/blog.hamilton-homes.com\/#organization","name":"Hamilton Homes Spain","url":"https:\/\/blog.hamilton-homes.com\/","logo":{"@type":"ImageObject","inLanguage":"es","@id":"https:\/\/blog.hamilton-homes.com\/#\/schema\/logo\/image\/","url":"https:\/\/blog.hamilton-homes.com\/wp-content\/uploads\/2019\/10\/logo_horiz-1.png","contentUrl":"https:\/\/blog.hamilton-homes.com\/wp-content\/uploads\/2019\/10\/logo_horiz-1.png","width":299,"height":62,"caption":"Hamilton Homes Spain"},"image":{"@id":"https:\/\/blog.hamilton-homes.com\/#\/schema\/logo\/image\/"},"sameAs":["https:\/\/www.facebook.com\/hamiltonhomesspain\/","https:\/\/x.com\/hamiltonhomes","https:\/\/www.instagram.com\/hamiltonhomesspain\/","https:\/\/www.pinterest.es\/hamilton2852\/","https:\/\/www.youtube.com\/channel\/UCY3newAZvGHiPFLA4zQEkIQ?view_as=subscriber"]}]}},"_links":{"self":[{"href":"https:\/\/blog.hamilton-homes.com\/es\/wp-json\/wp\/v2\/pages\/5923","targetHints":{"allow":["GET"]}}],"collection":[{"href":"https:\/\/blog.hamilton-homes.com\/es\/wp-json\/wp\/v2\/pages"}],"about":[{"href":"https:\/\/blog.hamilton-homes.com\/es\/wp-json\/wp\/v2\/types\/page"}],"author":[{"embeddable":true,"href":"https:\/\/blog.hamilton-homes.com\/es\/wp-json\/wp\/v2\/users\/2"}],"replies":[{"embeddable":true,"href":"https:\/\/blog.hamilton-homes.com\/es\/wp-json\/wp\/v2\/comments?post=5923"}],"version-history":[{"count":0,"href":"https:\/\/blog.hamilton-homes.com\/es\/wp-json\/wp\/v2\/pages\/5923\/revisions"}],"up":[{"embeddable":true,"href":"https:\/\/blog.hamilton-homes.com\/es\/wp-json\/wp\/v2\/pages\/5921"}],"wp:featuredmedia":[{"embeddable":true,"href":"https:\/\/blog.hamilton-homes.com\/es\/wp-json\/wp\/v2\/media\/5848"}],"wp:attachment":[{"href":"https:\/\/blog.hamilton-homes.com\/es\/wp-json\/wp\/v2\/media?parent=5923"}],"curies":[{"name":"wp","href":"https:\/\/api.w.org\/{rel}","templated":true}]}}