{"id":5921,"date":"2019-11-13T15:58:23","date_gmt":"2019-11-13T14:58:23","guid":{"rendered":"https:\/\/blog.hamilton-homes.com?page_id=5921"},"modified":"2019-11-15T07:49:31","modified_gmt":"2019-11-15T06:49:31","slug":"guia-de-la-zona","status":"publish","type":"page","link":"https:\/\/blog.hamilton-homes.com\/es\/guia-de-la-zona","title":{"rendered":"Gu\u00eda de la Zona"},"content":{"rendered":"<h4><strong>\u00bfDesea comprar una vivienda en la Costa del Sol?<\/strong><\/h4>\n<p>Comprar una casa en la Costa del Sol es m\u00e1s que solo encontrar una propiedad, se trata de encontrar la propiedad adecuada para usted. La ubicaci\u00f3n y el ambiente son una parte fundamental del proceso de toma de decisiones.<\/p>\n<p>La Costa del Sol tiene algunas \u00e1reas impresionantes y elegir d\u00f3nde desea comprar, es una opci\u00f3n muy individual. Ya sea que prefiera los pueblos encalados y la arquitectura tradicional espa\u00f1ola, o si su sue\u00f1o es caminar directamente desde su casa a la playa o al campo de golf todas las ma\u00f1anas, o si desea dejar su autom\u00f3vil y caminar a cafeter\u00edas y restaurantes, habr\u00e1 ser algo para ti<\/p>\n<p>Hemos estado aqu\u00ed desde 2003 y nuestras publicaciones comenzaron en 2008, por lo que esperamos compartir nuestra experiencia con el tiempo. Esperamos continuar construyendo y haciendo crecer esta gu\u00eda de \u00e1rea para darle una idea de las ciudades en las que vendemos propiedades.<\/p>\n<p>Nos centramos en el \u00e1rea que se encuentra entre Alcaidesa y Estepona, incluyendo Puerto de la Duquesa, Sotogrande, Torreguadiaro, San Luis de Sabinillas, Casares playa y Manilva.<\/p>\n","protected":false},"excerpt":{"rendered":"<p>\u00bfDesea comprar una vivienda en la Costa del Sol? Comprar una casa en la Costa del Sol es m\u00e1s que[&#8230;]<\/p>\n","protected":false},"author":2,"featured_media":0,"parent":0,"menu_order":0,"comment_status":"closed","ping_status":"closed","template":"","meta":{"footnotes":""},"class_list":["post-5921","page","type-page","status-publish","hentry"],"yoast_head":"<!-- This site is optimized with the Yoast SEO plugin v27.4 - https:\/\/yoast.com\/product\/yoast-seo-wordpress\/ -->\n<title>Gu\u00eda de la Zona - Blog Hamilton Homes<\/title>\n<meta name=\"robots\" content=\"index, follow, max-snippet:-1, max-image-preview:large, max-video-preview:-1\" \/>\n<link rel=\"canonical\" href=\"https:\/\/blog.hamilton-homes.com\/es\/guia-de-la-zona\" \/>\n<meta property=\"og:locale\" content=\"es_ES\" \/>\n<meta property=\"og:type\" content=\"article\" \/>\n<meta property=\"og:title\" content=\"Gu\u00eda de la Zona - Blog Hamilton Homes\" \/>\n<meta property=\"og:description\" content=\"\u00bfDesea comprar una vivienda en la Costa del Sol? Comprar una casa en la Costa del Sol es m\u00e1s que[...]\" \/>\n<meta property=\"og:url\" content=\"https:\/\/blog.hamilton-homes.com\/es\/guia-de-la-zona\" \/>\n<meta property=\"og:site_name\" content=\"Blog Hamilton Homes\" \/>\n<meta property=\"article:publisher\" content=\"https:\/\/www.facebook.com\/hamiltonhomesspain\/\" \/>\n<meta property=\"article:modified_time\" content=\"2019-11-15T06:49:31+00:00\" \/>\n<meta name=\"twitter:card\" content=\"summary_large_image\" \/>\n<meta name=\"twitter:site\" content=\"@hamiltonhomes\" \/>\n<meta name=\"twitter:label1\" content=\"Tiempo de lectura\" \/>\n\t<meta name=\"twitter:data1\" content=\"1 minuto\" \/>\n<script type=\"application\/ld+json\" class=\"yoast-schema-graph\">{\"@context\":\"https:\\\/\\\/schema.org\",\"@graph\":[{\"@type\":\"WebPage\",\"@id\":\"https:\\\/\\\/blog.hamilton-homes.com\\\/es\\\/guia-de-la-zona\",\"url\":\"https:\\\/\\\/blog.hamilton-homes.com\\\/es\\\/guia-de-la-zona\",\"name\":\"Gu\u00eda de la Zona - Blog Hamilton Homes\",\"isPartOf\":{\"@id\":\"https:\\\/\\\/blog.hamilton-homes.com\\\/#website\"},\"datePublished\":\"2019-11-13T14:58:23+00:00\",\"dateModified\":\"2019-11-15T06:49:31+00:00\",\"breadcrumb\":{\"@id\":\"https:\\\/\\\/blog.hamilton-homes.com\\\/es\\\/guia-de-la-zona#breadcrumb\"},\"inLanguage\":\"es\",\"potentialAction\":[{\"@type\":\"ReadAction\",\"target\":[\"https:\\\/\\\/blog.hamilton-homes.com\\\/es\\\/guia-de-la-zona\"]}]},{\"@type\":\"BreadcrumbList\",\"@id\":\"https:\\\/\\\/blog.hamilton-homes.com\\\/es\\\/guia-de-la-zona#breadcrumb\",\"itemListElement\":[{\"@type\":\"ListItem\",\"position\":1,\"name\":\"Home\",\"item\":\"https:\\\/\\\/blog.hamilton-homes.com\\\/\"},{\"@type\":\"ListItem\",\"position\":2,\"name\":\"Gu\u00eda de la Zona\"}]},{\"@type\":\"WebSite\",\"@id\":\"https:\\\/\\\/blog.hamilton-homes.com\\\/#website\",\"url\":\"https:\\\/\\\/blog.hamilton-homes.com\\\/\",\"name\":\"Hamilton Homes Spain\",\"description\":\"Honesty, Simplicity , Clarity\",\"publisher\":{\"@id\":\"https:\\\/\\\/blog.hamilton-homes.com\\\/#organization\"},\"potentialAction\":[{\"@type\":\"SearchAction\",\"target\":{\"@type\":\"EntryPoint\",\"urlTemplate\":\"https:\\\/\\\/blog.hamilton-homes.com\\\/?s={search_term_string}\"},\"query-input\":{\"@type\":\"PropertyValueSpecification\",\"valueRequired\":true,\"valueName\":\"search_term_string\"}}],\"inLanguage\":\"es\"},{\"@type\":\"Organization\",\"@id\":\"https:\\\/\\\/blog.hamilton-homes.com\\\/#organization\",\"name\":\"Hamilton Homes Spain\",\"url\":\"https:\\\/\\\/blog.hamilton-homes.com\\\/\",\"logo\":{\"@type\":\"ImageObject\",\"inLanguage\":\"es\",\"@id\":\"https:\\\/\\\/blog.hamilton-homes.com\\\/#\\\/schema\\\/logo\\\/image\\\/\",\"url\":\"https:\\\/\\\/blog.hamilton-homes.com\\\/wp-content\\\/uploads\\\/2019\\\/10\\\/logo_horiz-1.png\",\"contentUrl\":\"https:\\\/\\\/blog.hamilton-homes.com\\\/wp-content\\\/uploads\\\/2019\\\/10\\\/logo_horiz-1.png\",\"width\":299,\"height\":62,\"caption\":\"Hamilton Homes Spain\"},\"image\":{\"@id\":\"https:\\\/\\\/blog.hamilton-homes.com\\\/#\\\/schema\\\/logo\\\/image\\\/\"},\"sameAs\":[\"https:\\\/\\\/www.facebook.com\\\/hamiltonhomesspain\\\/\",\"https:\\\/\\\/x.com\\\/hamiltonhomes\",\"https:\\\/\\\/www.instagram.com\\\/hamiltonhomesspain\\\/\",\"https:\\\/\\\/www.pinterest.es\\\/hamilton2852\\\/\",\"https:\\\/\\\/www.youtube.com\\\/channel\\\/UCY3newAZvGHiPFLA4zQEkIQ?view_as=subscriber\"]}]}<\/script>\n<!-- \/ Yoast SEO plugin. -->","yoast_head_json":{"title":"Gu\u00eda de la Zona - Blog Hamilton Homes","robots":{"index":"index","follow":"follow","max-snippet":"max-snippet:-1","max-image-preview":"max-image-preview:large","max-video-preview":"max-video-preview:-1"},"canonical":"https:\/\/blog.hamilton-homes.com\/es\/guia-de-la-zona","og_locale":"es_ES","og_type":"article","og_title":"Gu\u00eda de la Zona - Blog Hamilton Homes","og_description":"\u00bfDesea comprar una vivienda en la Costa del Sol? Comprar una casa en la Costa del Sol es m\u00e1s que[...]","og_url":"https:\/\/blog.hamilton-homes.com\/es\/guia-de-la-zona","og_site_name":"Blog Hamilton Homes","article_publisher":"https:\/\/www.facebook.com\/hamiltonhomesspain\/","article_modified_time":"2019-11-15T06:49:31+00:00","twitter_card":"summary_large_image","twitter_site":"@hamiltonhomes","twitter_misc":{"Tiempo de lectura":"1 minuto"},"schema":{"@context":"https:\/\/schema.org","@graph":[{"@type":"WebPage","@id":"https:\/\/blog.hamilton-homes.com\/es\/guia-de-la-zona","url":"https:\/\/blog.hamilton-homes.com\/es\/guia-de-la-zona","name":"Gu\u00eda de la Zona - Blog Hamilton Homes","isPartOf":{"@id":"https:\/\/blog.hamilton-homes.com\/#website"},"datePublished":"2019-11-13T14:58:23+00:00","dateModified":"2019-11-15T06:49:31+00:00","breadcrumb":{"@id":"https:\/\/blog.hamilton-homes.com\/es\/guia-de-la-zona#breadcrumb"},"inLanguage":"es","potentialAction":[{"@type":"ReadAction","target":["https:\/\/blog.hamilton-homes.com\/es\/guia-de-la-zona"]}]},{"@type":"BreadcrumbList","@id":"https:\/\/blog.hamilton-homes.com\/es\/guia-de-la-zona#breadcrumb","itemListElement":[{"@type":"ListItem","position":1,"name":"Home","item":"https:\/\/blog.hamilton-homes.com\/"},{"@type":"ListItem","position":2,"name":"Gu\u00eda de la Zona"}]},{"@type":"WebSite","@id":"https:\/\/blog.hamilton-homes.com\/#website","url":"https:\/\/blog.hamilton-homes.com\/","name":"Hamilton Homes Spain","description":"Honesty, Simplicity , Clarity","publisher":{"@id":"https:\/\/blog.hamilton-homes.com\/#organization"},"potentialAction":[{"@type":"SearchAction","target":{"@type":"EntryPoint","urlTemplate":"https:\/\/blog.hamilton-homes.com\/?s={search_term_string}"},"query-input":{"@type":"PropertyValueSpecification","valueRequired":true,"valueName":"search_term_string"}}],"inLanguage":"es"},{"@type":"Organization","@id":"https:\/\/blog.hamilton-homes.com\/#organization","name":"Hamilton Homes Spain","url":"https:\/\/blog.hamilton-homes.com\/","logo":{"@type":"ImageObject","inLanguage":"es","@id":"https:\/\/blog.hamilton-homes.com\/#\/schema\/logo\/image\/","url":"https:\/\/blog.hamilton-homes.com\/wp-content\/uploads\/2019\/10\/logo_horiz-1.png","contentUrl":"https:\/\/blog.hamilton-homes.com\/wp-content\/uploads\/2019\/10\/logo_horiz-1.png","width":299,"height":62,"caption":"Hamilton Homes Spain"},"image":{"@id":"https:\/\/blog.hamilton-homes.com\/#\/schema\/logo\/image\/"},"sameAs":["https:\/\/www.facebook.com\/hamiltonhomesspain\/","https:\/\/x.com\/hamiltonhomes","https:\/\/www.instagram.com\/hamiltonhomesspain\/","https:\/\/www.pinterest.es\/hamilton2852\/","https:\/\/www.youtube.com\/channel\/UCY3newAZvGHiPFLA4zQEkIQ?view_as=subscriber"]}]}},"_links":{"self":[{"href":"https:\/\/blog.hamilton-homes.com\/es\/wp-json\/wp\/v2\/pages\/5921","targetHints":{"allow":["GET"]}}],"collection":[{"href":"https:\/\/blog.hamilton-homes.com\/es\/wp-json\/wp\/v2\/pages"}],"about":[{"href":"https:\/\/blog.hamilton-homes.com\/es\/wp-json\/wp\/v2\/types\/page"}],"author":[{"embeddable":true,"href":"https:\/\/blog.hamilton-homes.com\/es\/wp-json\/wp\/v2\/users\/2"}],"replies":[{"embeddable":true,"href":"https:\/\/blog.hamilton-homes.com\/es\/wp-json\/wp\/v2\/comments?post=5921"}],"version-history":[{"count":0,"href":"https:\/\/blog.hamilton-homes.com\/es\/wp-json\/wp\/v2\/pages\/5921\/revisions"}],"wp:attachment":[{"href":"https:\/\/blog.hamilton-homes.com\/es\/wp-json\/wp\/v2\/media?parent=5921"}],"curies":[{"name":"wp","href":"https:\/\/api.w.org\/{rel}","templated":true}]}}